{"id":10617,"date":"2024-04-18T15:21:36","date_gmt":"2024-04-18T12:21:36","guid":{"rendered":"https:\/\/filtag.com\/iletisim\/"},"modified":"2025-01-18T00:53:53","modified_gmt":"2025-01-17T21:53:53","slug":"iletisim","status":"publish","type":"page","link":"https:\/\/filtag.com\/en\/iletisim\/","title":{"rendered":"CONTACT"},"content":{"rendered":"<div class=\"wpb-content-wrapper\"><p>[vc_row][vc_column][vc_empty_space woodmart_hide_large=&#8221;0&#8243; woodmart_hide_medium=&#8221;0&#8243; woodmart_hide_small=&#8221;0&#8243;][vc_column_text woodmart_inline=&#8221;no&#8221; text_larger=&#8221;no&#8221;]<iframe loading=\"lazy\" style=\"border: 0;\" src=\"https:\/\/www.google.com\/maps\/embed?pb=!1m18!1m12!1m3!1d3047.018844113898!2d28.925966711305747!3d40.20864376815935!2m3!1f0!2f0!3f0!3m2!1i1024!2i768!4f13.1!3m3!1m2!1s0x14ca110a4da8c0f5%3A0xdfe6a2df08b5344b!2sFiltAG!5e0!3m2!1str!2str!4v1713442676312!5m2!1str!2str\" width=\"1920\" height=\"450\" allowfullscreen=\"allowfullscreen\"><\/iframe>[\/vc_column_text][vc_empty_space woodmart_hide_large=&#8221;0&#8243; woodmart_hide_medium=&#8221;0&#8243; woodmart_hide_small=&#8221;0&#8243;][\/vc_column][\/vc_row][vc_row][vc_column width=&#8221;1\/2&#8243;]\t\t<div id=\"wd-66211095114fc\" class=\"wd-image wd-wpb wd-rs-66211095114fc text-left \">\n\t\t\t\n\t\t\t<img loading=\"lazy\" decoding=\"async\" width=\"380\" height=\"60\" src=\"https:\/\/filtag.com\/wp-content\/uploads\/2024\/04\/Logo-mavi-380x60.png\" class=\"attachment-380x60 size-380x60\" alt=\"\" srcset=\"https:\/\/filtag.com\/wp-content\/uploads\/2024\/04\/Logo-mavi-380x60.png 380w, https:\/\/filtag.com\/wp-content\/uploads\/2024\/04\/Logo-mavi-400x63.png 400w, https:\/\/filtag.com\/wp-content\/uploads\/2024\/04\/Logo-mavi-430x68.png 430w, https:\/\/filtag.com\/wp-content\/uploads\/2024\/04\/Logo-mavi-150x24.png 150w, https:\/\/filtag.com\/wp-content\/uploads\/2024\/04\/Logo-mavi-300x48.png 300w, https:\/\/filtag.com\/wp-content\/uploads\/2024\/04\/Logo-mavi.png 650w\" sizes=\"auto, (max-width: 380px) 100vw, 380px\" \/>\n\t\t\t\t\t<\/div>\n\t\t[vc_column_text woodmart_inline=&#8221;no&#8221; text_larger=&#8221;no&#8221;]<span style=\"font-size: 14pt;\">Alaaddinbey Mahallesi 631. Sokak No: 6<\/span><br \/>\n<span style=\"font-size: 14pt;\">16120 Nil\u00fcfer-Bursa<\/span><br \/>\n<span style=\"font-size: 14pt;\">T\u00dcRK\u0130YE<\/span><\/p>\n<p><span style=\"font-size: 14pt;\"><strong>Telefon :<\/strong><\/span><br \/>\n<span style=\"font-size: 14pt;\"><a href=\"tel:+902245041718\">+90 224 504 17 18<\/a><\/span><br \/>\n<span style=\"font-size: 14pt;\"><a href=\"tel:+905435041719\">+90 543 504 17 19<\/a><\/span><br \/>\n<span style=\"font-size: 14pt;\"><a href=\"mailto:info@filtag.com\">info@filtag.com<\/a><\/span>[\/vc_column_text][\/vc_column][vc_column width=&#8221;1\/2&#8243;]\t\t\t<link rel=\"stylesheet\" id=\"wd-section-title-css\" href=\"https:\/\/filtag.com\/wp-content\/themes\/woodmart\/css\/parts\/el-section-title.min.css?ver=7.4.3\" type=\"text\/css\" media=\"all\" \/> \t\t\t\t\t\t<link rel=\"stylesheet\" id=\"wd-mod-highlighted-text-css\" href=\"https:\/\/filtag.com\/wp-content\/themes\/woodmart\/css\/parts\/mod-highlighted-text.min.css?ver=7.4.3\" type=\"text\/css\" media=\"all\" \/> \t\t\t\n\t\t<div id=\"wd-678ad150e5c41\" class=\"title-wrapper wd-wpb set-mb-s reset-last-child  wd-rs-678ad150e5c41 wd-title-color-default wd-title-style-default text-left  wd-underline-colored\">\n\t\t\t\n\t\t\t<div class=\"liner-continer\">\n\t\t\t\t<h4 class=\"woodmart-title-container title  wd-font-weight- wd-fontsize-l\" >CONTACT FORM<\/h4>\n\t\t\t\t\t\t\t<\/div>\n\t\t\t\n\t\t\t\n\t\t\t\n\t\t<\/div>\n\t\t\n\t\t\n<div class=\"wpcf7 no-js\" id=\"wpcf7-f12-o1\" lang=\"tr-TR\" dir=\"ltr\" data-wpcf7-id=\"12\">\n<div class=\"screen-reader-response\"><p role=\"status\" aria-live=\"polite\" aria-atomic=\"true\"><\/p> <ul><\/ul><\/div>\n<form action=\"\/en\/wp-json\/wp\/v2\/pages\/10617#wpcf7-f12-o1\" method=\"post\" class=\"wpcf7-form init\" aria-label=\"\u0130leti\u015fim Formu\" novalidate=\"novalidate\" data-status=\"init\">\n<div style=\"display: none;\">\n<input type=\"hidden\" name=\"_wpcf7\" value=\"12\" \/>\n<input type=\"hidden\" name=\"_wpcf7_version\" value=\"6.0.6\" \/>\n<input type=\"hidden\" name=\"_wpcf7_locale\" value=\"tr_TR\" \/>\n<input type=\"hidden\" name=\"_wpcf7_unit_tag\" value=\"wpcf7-f12-o1\" \/>\n<input type=\"hidden\" name=\"_wpcf7_container_post\" value=\"0\" \/>\n<input type=\"hidden\" name=\"_wpcf7_posted_data_hash\" value=\"\" \/>\n<\/div>\n<p><label> Ad\u0131n\u0131z<br \/>\n<span class=\"wpcf7-form-control-wrap\" data-name=\"your-name\"><input size=\"40\" maxlength=\"400\" class=\"wpcf7-form-control wpcf7-text wpcf7-validates-as-required\" autocomplete=\"name\" aria-required=\"true\" aria-invalid=\"false\" value=\"\" type=\"text\" name=\"your-name\" \/><\/span> <\/label>\n<\/p>\n<p><label> E-posta adresiniz<br \/>\n<span class=\"wpcf7-form-control-wrap\" data-name=\"your-email\"><input size=\"40\" maxlength=\"400\" class=\"wpcf7-form-control wpcf7-email wpcf7-validates-as-required wpcf7-text wpcf7-validates-as-email\" autocomplete=\"email\" aria-required=\"true\" aria-invalid=\"false\" value=\"\" type=\"email\" name=\"your-email\" \/><\/span> <\/label>\n<\/p>\n<p><label> Konu<br \/>\n<span class=\"wpcf7-form-control-wrap\" data-name=\"your-subject\"><input size=\"40\" maxlength=\"400\" class=\"wpcf7-form-control wpcf7-text wpcf7-validates-as-required\" aria-required=\"true\" aria-invalid=\"false\" value=\"\" type=\"text\" name=\"your-subject\" \/><\/span> <\/label>\n<\/p>\n<p><label> \u0130letiniz (tercihe ba\u011fl\u0131)<br \/>\n<span class=\"wpcf7-form-control-wrap\" data-name=\"your-message\"><textarea cols=\"40\" rows=\"10\" maxlength=\"2000\" class=\"wpcf7-form-control wpcf7-textarea\" aria-invalid=\"false\" name=\"your-message\"><\/textarea><\/span> <\/label>\n<\/p>\n<p><input class=\"wpcf7-form-control wpcf7-submit has-spinner\" type=\"submit\" value=\"G\u00f6nder\" \/>\n<\/p><div class=\"wpcf7-response-output\" aria-hidden=\"true\"><\/div>\n<\/form>\n<\/div>\n[\/vc_column][\/vc_row]<\/p>\n<\/div>","protected":false},"excerpt":{"rendered":"<p>[vc_row][vc_column][vc_empty_space woodmart_hide_large=&#8221;0&#8243; woodmart_hide_medium=&#8221;0&#8243; woodmart_hide_small=&#8221;0&#8243;][vc_column_text woodmart_inline=&#8221;no&#8221; text_larger=&#8221;no&#8221;][\/vc_column_text][vc_empty_space woodmart_hide_large=&#8221;0&#8243; woodmart_hide_medium=&#8221;0&#8243; woodmart_hide_small=&#8221;0&#8243;][\/vc_column][\/vc_row][vc_row][vc_column width=&#8221;1\/2&#8243;][vc_column_text woodmart_inline=&#8221;no&#8221; text_larger=&#8221;no&#8221;]Alaaddinbey Mahallesi 631. Sokak No: 6 16120 Nil\u00fcfer-Bursa T\u00dcRK\u0130YE<\/p>\n","protected":false},"author":1,"featured_media":0,"parent":0,"menu_order":0,"comment_status":"closed","ping_status":"closed","template":"","meta":{"footnotes":""},"class_list":["post-10617","page","type-page","status-publish","hentry"],"yoast_head":"<!-- This site is optimized with the Yoast SEO plugin v24.2 - https:\/\/yoast.com\/wordpress\/plugins\/seo\/ -->\n<title>CONTACT - Filtag Filtrasyon<\/title>\n<meta name=\"robots\" content=\"index, follow, max-snippet:-1, max-image-preview:large, max-video-preview:-1\" \/>\n<link rel=\"canonical\" href=\"https:\/\/filtag.com\/en\/iletisim\/\" \/>\n<meta property=\"og:locale\" content=\"en_US\" \/>\n<meta property=\"og:type\" content=\"article\" \/>\n<meta property=\"og:title\" content=\"CONTACT - Filtag Filtrasyon\" \/>\n<meta property=\"og:description\" content=\"[vc_row][vc_column][vc_empty_space woodmart_hide_large=&#8221;0&#8243; woodmart_hide_medium=&#8221;0&#8243; woodmart_hide_small=&#8221;0&#8243;][vc_column_text woodmart_inline=&#8221;no&#8221; text_larger=&#8221;no&#8221;][\/vc_column_text][vc_empty_space woodmart_hide_large=&#8221;0&#8243; woodmart_hide_medium=&#8221;0&#8243; woodmart_hide_small=&#8221;0&#8243;][\/vc_column][\/vc_row][vc_row][vc_column width=&#8221;1\/2&#8243;][vc_column_text woodmart_inline=&#8221;no&#8221; text_larger=&#8221;no&#8221;]Alaaddinbey Mahallesi 631. Sokak No: 6 16120 Nil\u00fcfer-Bursa T\u00dcRK\u0130YE\" \/>\n<meta property=\"og:url\" content=\"https:\/\/filtag.com\/en\/iletisim\/\" \/>\n<meta property=\"og:site_name\" content=\"Filtag Filtrasyon\" \/>\n<meta property=\"article:modified_time\" content=\"2025-01-17T21:53:53+00:00\" \/>\n<meta property=\"og:image\" content=\"https:\/\/filtag.com\/wp-content\/uploads\/2024\/12\/banner_002.jpg\" \/>\n\t<meta property=\"og:image:width\" content=\"1920\" \/>\n\t<meta property=\"og:image:height\" content=\"1080\" \/>\n\t<meta property=\"og:image:type\" content=\"image\/jpeg\" \/>\n<meta name=\"twitter:card\" content=\"summary_large_image\" \/>\n<meta name=\"twitter:label1\" content=\"Est. reading time\" \/>\n\t<meta name=\"twitter:data1\" content=\"1 minute\" \/>\n<script type=\"application\/ld+json\" class=\"yoast-schema-graph\">{\"@context\":\"https:\/\/schema.org\",\"@graph\":[{\"@type\":\"WebPage\",\"@id\":\"https:\/\/filtag.com\/en\/iletisim\/\",\"url\":\"https:\/\/filtag.com\/en\/iletisim\/\",\"name\":\"CONTACT - Filtag Filtrasyon\",\"isPartOf\":{\"@id\":\"https:\/\/filtag.com\/#website\"},\"datePublished\":\"2024-04-18T12:21:36+00:00\",\"dateModified\":\"2025-01-17T21:53:53+00:00\",\"breadcrumb\":{\"@id\":\"https:\/\/filtag.com\/en\/iletisim\/#breadcrumb\"},\"inLanguage\":\"en-US\",\"potentialAction\":[{\"@type\":\"ReadAction\",\"target\":[\"https:\/\/filtag.com\/en\/iletisim\/\"]}]},{\"@type\":\"BreadcrumbList\",\"@id\":\"https:\/\/filtag.com\/en\/iletisim\/#breadcrumb\",\"itemListElement\":[{\"@type\":\"ListItem\",\"position\":1,\"name\":\"Home\",\"item\":\"https:\/\/filtag.com\/en\/\"},{\"@type\":\"ListItem\",\"position\":2,\"name\":\"CONTACT\"}]},{\"@type\":\"WebSite\",\"@id\":\"https:\/\/filtag.com\/#website\",\"url\":\"https:\/\/filtag.com\/\",\"name\":\"Filtag Filtrasyon\",\"description\":\"Do\u011fru Tercih Do\u011fru Filtreleme\",\"publisher\":{\"@id\":\"https:\/\/filtag.com\/#organization\"},\"alternateName\":\"Y\u00fcksek Performansl\u0131 Filtrasyon \u00dcr\u00fcleri\",\"potentialAction\":[{\"@type\":\"SearchAction\",\"target\":{\"@type\":\"EntryPoint\",\"urlTemplate\":\"https:\/\/filtag.com\/?s={search_term_string}\"},\"query-input\":{\"@type\":\"PropertyValueSpecification\",\"valueRequired\":true,\"valueName\":\"search_term_string\"}}],\"inLanguage\":\"en-US\"},{\"@type\":\"Organization\",\"@id\":\"https:\/\/filtag.com\/#organization\",\"name\":\"Filtag Filtrasyon\",\"url\":\"https:\/\/filtag.com\/\",\"logo\":{\"@type\":\"ImageObject\",\"inLanguage\":\"en-US\",\"@id\":\"https:\/\/filtag.com\/#\/schema\/logo\/image\/\",\"url\":\"https:\/\/filtag.com\/wp-content\/uploads\/2024\/04\/Logo-mavi.png\",\"contentUrl\":\"https:\/\/filtag.com\/wp-content\/uploads\/2024\/04\/Logo-mavi.png\",\"width\":650,\"height\":103,\"caption\":\"Filtag Filtrasyon\"},\"image\":{\"@id\":\"https:\/\/filtag.com\/#\/schema\/logo\/image\/\"},\"sameAs\":[\"https:\/\/www.instagram.com\/filtagfiltre\/\"]}]}<\/script>\n<!-- \/ Yoast SEO plugin. -->","yoast_head_json":{"title":"CONTACT - Filtag Filtrasyon","robots":{"index":"index","follow":"follow","max-snippet":"max-snippet:-1","max-image-preview":"max-image-preview:large","max-video-preview":"max-video-preview:-1"},"canonical":"https:\/\/filtag.com\/en\/iletisim\/","og_locale":"en_US","og_type":"article","og_title":"CONTACT - Filtag Filtrasyon","og_description":"[vc_row][vc_column][vc_empty_space woodmart_hide_large=&#8221;0&#8243; woodmart_hide_medium=&#8221;0&#8243; woodmart_hide_small=&#8221;0&#8243;][vc_column_text woodmart_inline=&#8221;no&#8221; text_larger=&#8221;no&#8221;][\/vc_column_text][vc_empty_space woodmart_hide_large=&#8221;0&#8243; woodmart_hide_medium=&#8221;0&#8243; woodmart_hide_small=&#8221;0&#8243;][\/vc_column][\/vc_row][vc_row][vc_column width=&#8221;1\/2&#8243;][vc_column_text woodmart_inline=&#8221;no&#8221; text_larger=&#8221;no&#8221;]Alaaddinbey Mahallesi 631. Sokak No: 6 16120 Nil\u00fcfer-Bursa T\u00dcRK\u0130YE","og_url":"https:\/\/filtag.com\/en\/iletisim\/","og_site_name":"Filtag Filtrasyon","article_modified_time":"2025-01-17T21:53:53+00:00","og_image":[{"width":1920,"height":1080,"url":"https:\/\/filtag.com\/wp-content\/uploads\/2024\/12\/banner_002.jpg","type":"image\/jpeg"}],"twitter_card":"summary_large_image","twitter_misc":{"Est. reading time":"1 minute"},"schema":{"@context":"https:\/\/schema.org","@graph":[{"@type":"WebPage","@id":"https:\/\/filtag.com\/en\/iletisim\/","url":"https:\/\/filtag.com\/en\/iletisim\/","name":"CONTACT - Filtag Filtrasyon","isPartOf":{"@id":"https:\/\/filtag.com\/#website"},"datePublished":"2024-04-18T12:21:36+00:00","dateModified":"2025-01-17T21:53:53+00:00","breadcrumb":{"@id":"https:\/\/filtag.com\/en\/iletisim\/#breadcrumb"},"inLanguage":"en-US","potentialAction":[{"@type":"ReadAction","target":["https:\/\/filtag.com\/en\/iletisim\/"]}]},{"@type":"BreadcrumbList","@id":"https:\/\/filtag.com\/en\/iletisim\/#breadcrumb","itemListElement":[{"@type":"ListItem","position":1,"name":"Home","item":"https:\/\/filtag.com\/en\/"},{"@type":"ListItem","position":2,"name":"CONTACT"}]},{"@type":"WebSite","@id":"https:\/\/filtag.com\/#website","url":"https:\/\/filtag.com\/","name":"Filtag Filtrasyon","description":"Do\u011fru Tercih Do\u011fru Filtreleme","publisher":{"@id":"https:\/\/filtag.com\/#organization"},"alternateName":"Y\u00fcksek Performansl\u0131 Filtrasyon \u00dcr\u00fcleri","potentialAction":[{"@type":"SearchAction","target":{"@type":"EntryPoint","urlTemplate":"https:\/\/filtag.com\/?s={search_term_string}"},"query-input":{"@type":"PropertyValueSpecification","valueRequired":true,"valueName":"search_term_string"}}],"inLanguage":"en-US"},{"@type":"Organization","@id":"https:\/\/filtag.com\/#organization","name":"Filtag Filtrasyon","url":"https:\/\/filtag.com\/","logo":{"@type":"ImageObject","inLanguage":"en-US","@id":"https:\/\/filtag.com\/#\/schema\/logo\/image\/","url":"https:\/\/filtag.com\/wp-content\/uploads\/2024\/04\/Logo-mavi.png","contentUrl":"https:\/\/filtag.com\/wp-content\/uploads\/2024\/04\/Logo-mavi.png","width":650,"height":103,"caption":"Filtag Filtrasyon"},"image":{"@id":"https:\/\/filtag.com\/#\/schema\/logo\/image\/"},"sameAs":["https:\/\/www.instagram.com\/filtagfiltre\/"]}]}},"_links":{"self":[{"href":"https:\/\/filtag.com\/en\/wp-json\/wp\/v2\/pages\/10617","targetHints":{"allow":["GET"]}}],"collection":[{"href":"https:\/\/filtag.com\/en\/wp-json\/wp\/v2\/pages"}],"about":[{"href":"https:\/\/filtag.com\/en\/wp-json\/wp\/v2\/types\/page"}],"author":[{"embeddable":true,"href":"https:\/\/filtag.com\/en\/wp-json\/wp\/v2\/users\/1"}],"replies":[{"embeddable":true,"href":"https:\/\/filtag.com\/en\/wp-json\/wp\/v2\/comments?post=10617"}],"version-history":[{"count":1,"href":"https:\/\/filtag.com\/en\/wp-json\/wp\/v2\/pages\/10617\/revisions"}],"predecessor-version":[{"id":10714,"href":"https:\/\/filtag.com\/en\/wp-json\/wp\/v2\/pages\/10617\/revisions\/10714"}],"wp:attachment":[{"href":"https:\/\/filtag.com\/en\/wp-json\/wp\/v2\/media?parent=10617"}],"curies":[{"name":"wp","href":"https:\/\/api.w.org\/{rel}","templated":true}]}}