{"id":10572,"date":"2024-12-11T22:28:39","date_gmt":"2024-12-11T19:28:39","guid":{"rendered":"https:\/\/filtag.com\/endustriyel-urunler\/polyester-kumaslar\/f01-500-g1ch-wo\/"},"modified":"2025-02-02T19:05:28","modified_gmt":"2025-02-02T16:05:28","slug":"f01-500-g1ch-wo","status":"publish","type":"page","link":"https:\/\/filtag.com\/en\/industrial-products\/polyester-fabrics\/f01-500-g1ch-wo\/","title":{"rendered":"F01-500-G1CH-WO"},"content":{"rendered":"<div class=\"wpb-content-wrapper\"><p>[vc_row woodmart_css_id=&#8221;66f2a2d1b5998&#8243; responsive_spacing=&#8221;eyJwYXJhbV90eXBlIjoid29vZG1hcnRfcmVzcG9uc2l2ZV9zcGFjaW5nIiwic2VsZWN0b3JfaWQiOiI2NmYyYTJkMWI1OTk4Iiwic2hvcnRjb2RlIjoidmNfcm93IiwiZGF0YSI6eyJ0YWJsZXQiOnt9LCJtb2JpbGUiOnt9fX0=&#8221; mobile_bg_img_hidden=&#8221;no&#8221; tablet_bg_img_hidden=&#8221;no&#8221; woodmart_parallax=&#8221;0&#8243; woodmart_gradient_switch=&#8221;no&#8221; woodmart_box_shadow=&#8221;no&#8221; wd_z_index=&#8221;no&#8221; woodmart_disable_overflow=&#8221;0&#8243; row_reverse_mobile=&#8221;0&#8243; row_reverse_tablet=&#8221;0&#8243;][vc_column width=&#8221;1\/2&#8243;]\t\t<div id=\"wd-6759e7d72d864\" class=\"wd-image wd-wpb wd-rs-6759e7d72d864 text-left \">\n\t\t\t\n\t\t\t<img loading=\"lazy\" decoding=\"async\" width=\"800\" height=\"600\" src=\"https:\/\/filtag.com\/wp-content\/uploads\/2024\/12\/F01-500-G1CH-WO.jpg\" class=\"attachment-full size-full\" alt=\"\" srcset=\"https:\/\/filtag.com\/wp-content\/uploads\/2024\/12\/F01-500-G1CH-WO.jpg 800w, https:\/\/filtag.com\/wp-content\/uploads\/2024\/12\/F01-500-G1CH-WO-400x300.jpg 400w, https:\/\/filtag.com\/wp-content\/uploads\/2024\/12\/F01-500-G1CH-WO-768x576.jpg 768w, https:\/\/filtag.com\/wp-content\/uploads\/2024\/12\/F01-500-G1CH-WO-430x323.jpg 430w, https:\/\/filtag.com\/wp-content\/uploads\/2024\/12\/F01-500-G1CH-WO-700x525.jpg 700w, https:\/\/filtag.com\/wp-content\/uploads\/2024\/12\/F01-500-G1CH-WO-150x113.jpg 150w\" sizes=\"auto, (max-width: 800px) 100vw, 800px\" \/>\n\t\t\t\t\t<\/div>\n\t\t[\/vc_column][vc_column width=&#8221;1\/2&#8243;]\t\t\t<link rel=\"stylesheet\" id=\"wd-section-title-css\" href=\"https:\/\/filtag.com\/wp-content\/themes\/woodmart\/css\/parts\/el-section-title.min.css?ver=7.4.3\" type=\"text\/css\" media=\"all\" \/> \t\t\t\n\t\t<div id=\"wd-679f97a0abd6a\" class=\"title-wrapper wd-wpb set-mb-s reset-last-child  wd-rs-679f97a0abd6a wd-title-color-default wd-title-style-default text-left \">\n\t\t\t\n\t\t\t<div class=\"liner-continer\">\n\t\t\t\t<h2 class=\"woodmart-title-container title  wd-font-weight- wd-fontsize-xxl\" >POLYESTER FABRIC<\/h2>\n\t\t\t\t\t\t\t<\/div>\n\t\t\t\n\t\t\t\t\t\t\t<div class=\"title-after_title  set-cont-mb-s reset-last-child  wd-fontsize-s\">This fabric is used in many different industrial areas such as mineral processing plants, lime processing plants, cement silos, iron and steel factories, foundries, wood processing plants, food processing plants and the pharmaceutical industry. Thanks to its high-performance structure, it offers an effective solution for filtering dust, smoke and other harmful particles formed in these facilities. In this way, the air quality of work environments improves and contributes to the protection of the environment.<\/div>\n\t\t\t\n\t\t\t\n\t\t<\/div>\n\t\t\n\t\t[\/vc_column][\/vc_row][vc_row][vc_column][vc_empty_space woodmart_hide_large=&#8221;0&#8243; woodmart_hide_medium=&#8221;0&#8243; woodmart_hide_small=&#8221;0&#8243;][vc_column_text css=&#8221;&#8221; woodmart_inline=&#8221;no&#8221; text_larger=&#8221;no&#8221;]<\/p>\n<table width=\"100%\">\n<tbody>\n<tr>\n<td colspan=\"2\" width=\"197\">POLYESTER FABRIC<\/td>\n<td width=\"240\"><\/td>\n<\/tr>\n<tr>\n<td colspan=\"2\" width=\"197\">CODE<\/td>\n<td width=\"240\">F01-500-G1CH-WO<\/td>\n<\/tr>\n<tr>\n<td colspan=\"2\" width=\"197\">Raw Material<\/td>\n<td width=\"240\">%100 Polyester<\/td>\n<\/tr>\n<tr>\n<td colspan=\"2\" width=\"197\">Weight<\/td>\n<td width=\"240\">500 gr\/m\u00b2<\/td>\n<\/tr>\n<tr>\n<td colspan=\"2\" width=\"197\">Thickness<\/td>\n<td width=\"240\">2,0 mm<\/td>\n<\/tr>\n<tr>\n<td colspan=\"2\" width=\"197\">Density<\/td>\n<td width=\"240\">0,29<\/td>\n<\/tr>\n<tr>\n<td colspan=\"2\" width=\"197\">Air Permeability<\/td>\n<td width=\"240\">130-170 l\/dm2\/min (200pa)<\/td>\n<\/tr>\n<tr>\n<td colspan=\"2\" width=\"197\">Resistance to Temperature<\/td>\n<td width=\"240\">Continuous 130\u1d52C, Short-term 150\u1d52C<\/td>\n<\/tr>\n<tr>\n<td colspan=\"2\" width=\"197\">Resistance to Acids<\/td>\n<td width=\"240\">Fair<\/td>\n<\/tr>\n<tr>\n<td colspan=\"2\" width=\"197\">Resistance to Alkalis<\/td>\n<td width=\"240\">Fair<\/td>\n<\/tr>\n<tr>\n<td colspan=\"2\" width=\"197\">Resistance to Oxidizers<\/td>\n<td width=\"240\">Good<\/td>\n<\/tr>\n<tr>\n<td colspan=\"2\" width=\"197\">Resistance to Organic Solvents<\/td>\n<td width=\"240\">\u0130yi Good<\/td>\n<\/tr>\n<tr>\n<td colspan=\"2\" width=\"197\">Resistance to Hydrolysis<\/td>\n<td width=\"240\">Verry goog<\/td>\n<\/tr>\n<tr>\n<td colspan=\"2\" width=\"197\">Biological Resistance<\/td>\n<td width=\"240\">\u00c7ok iyi<\/td>\n<\/tr>\n<tr>\n<td rowspan=\"2\" width=\"116\">Shrinkage With Temperature<\/td>\n<td width=\"81\">Lengthways<\/td>\n<td width=\"240\">&lt; %1 (150\u1d52C 1 hour)<\/td>\n<\/tr>\n<tr>\n<td width=\"81\">Across<\/td>\n<td width=\"240\">&lt; %1<\/td>\n<\/tr>\n<tr>\n<td rowspan=\"2\" width=\"116\">Tear Strength<br \/>\n(Sample 25 x 5 cm)<\/td>\n<td width=\"81\">Lengthways<\/td>\n<td width=\"240\">140 Kg.<\/td>\n<\/tr>\n<tr>\n<td width=\"81\">Across<\/td>\n<td width=\"240\">160 Kg.<\/td>\n<\/tr>\n<tr>\n<td rowspan=\"2\" width=\"116\">Extension to Break<\/td>\n<td width=\"81\">Lengthways<\/td>\n<td width=\"240\">20,0%<\/td>\n<\/tr>\n<tr>\n<td width=\"81\">Across<\/td>\n<td width=\"240\">25%<\/td>\n<\/tr>\n<tr>\n<td colspan=\"2\" width=\"197\">Finishing<\/td>\n<td width=\"240\">Heat-set, Singed on side and calendered. Water and oil repellent.<\/td>\n<\/tr>\n<\/tbody>\n<\/table>\n<p>[\/vc_column_text][\/vc_column][\/vc_row]<\/p>\n<\/div>","protected":false},"excerpt":{"rendered":"<p>[vc_row woodmart_css_id=&#8221;66f2a2d1b5998&#8243; responsive_spacing=&#8221;eyJwYXJhbV90eXBlIjoid29vZG1hcnRfcmVzcG9uc2l2ZV9zcGFjaW5nIiwic2VsZWN0b3JfaWQiOiI2NmYyYTJkMWI1OTk4Iiwic2hvcnRjb2RlIjoidmNfcm93IiwiZGF0YSI6eyJ0YWJsZXQiOnt9LCJtb2JpbGUiOnt9fX0=&#8221; mobile_bg_img_hidden=&#8221;no&#8221; tablet_bg_img_hidden=&#8221;no&#8221; woodmart_parallax=&#8221;0&#8243; woodmart_gradient_switch=&#8221;no&#8221; woodmart_box_shadow=&#8221;no&#8221; wd_z_index=&#8221;no&#8221; woodmart_disable_overflow=&#8221;0&#8243; row_reverse_mobile=&#8221;0&#8243; row_reverse_tablet=&#8221;0&#8243;][vc_column width=&#8221;1\/2&#8243;][\/vc_column][vc_column width=&#8221;1\/2&#8243;][\/vc_column][\/vc_row][vc_row][vc_column][vc_empty_space woodmart_hide_large=&#8221;0&#8243; woodmart_hide_medium=&#8221;0&#8243; woodmart_hide_small=&#8221;0&#8243;][vc_column_text css=&#8221;&#8221; woodmart_inline=&#8221;no&#8221; text_larger=&#8221;no&#8221;]<\/p>\n","protected":false},"author":1,"featured_media":10424,"parent":10563,"menu_order":0,"comment_status":"closed","ping_status":"closed","template":"","meta":{"footnotes":""},"class_list":["post-10572","page","type-page","status-publish","has-post-thumbnail","hentry"],"yoast_head":"<!-- This site is optimized with the Yoast SEO plugin v24.2 - https:\/\/yoast.com\/wordpress\/plugins\/seo\/ -->\n<title>F01-500-G1CH-WO - Filtag Filtrasyon<\/title>\n<meta name=\"robots\" content=\"index, follow, max-snippet:-1, max-image-preview:large, max-video-preview:-1\" \/>\n<link rel=\"canonical\" href=\"https:\/\/filtag.com\/en\/industrial-products\/polyester-fabrics\/f01-500-g1ch-wo\/\" \/>\n<meta property=\"og:locale\" content=\"en_US\" \/>\n<meta property=\"og:type\" content=\"article\" \/>\n<meta property=\"og:title\" content=\"F01-500-G1CH-WO - Filtag Filtrasyon\" \/>\n<meta property=\"og:description\" content=\"[vc_row woodmart_css_id=&#8221;66f2a2d1b5998&#8243; responsive_spacing=&#8221;eyJwYXJhbV90eXBlIjoid29vZG1hcnRfcmVzcG9uc2l2ZV9zcGFjaW5nIiwic2VsZWN0b3JfaWQiOiI2NmYyYTJkMWI1OTk4Iiwic2hvcnRjb2RlIjoidmNfcm93IiwiZGF0YSI6eyJ0YWJsZXQiOnt9LCJtb2JpbGUiOnt9fX0=&#8221; mobile_bg_img_hidden=&#8221;no&#8221; tablet_bg_img_hidden=&#8221;no&#8221; woodmart_parallax=&#8221;0&#8243; woodmart_gradient_switch=&#8221;no&#8221; woodmart_box_shadow=&#8221;no&#8221; wd_z_index=&#8221;no&#8221; woodmart_disable_overflow=&#8221;0&#8243; row_reverse_mobile=&#8221;0&#8243; row_reverse_tablet=&#8221;0&#8243;][vc_column width=&#8221;1\/2&#8243;][\/vc_column][vc_column width=&#8221;1\/2&#8243;][\/vc_column][\/vc_row][vc_row][vc_column][vc_empty_space woodmart_hide_large=&#8221;0&#8243; woodmart_hide_medium=&#8221;0&#8243; woodmart_hide_small=&#8221;0&#8243;][vc_column_text css=&#8221;&#8221; woodmart_inline=&#8221;no&#8221; text_larger=&#8221;no&#8221;]\" \/>\n<meta property=\"og:url\" content=\"https:\/\/filtag.com\/en\/industrial-products\/polyester-fabrics\/f01-500-g1ch-wo\/\" \/>\n<meta property=\"og:site_name\" content=\"Filtag Filtrasyon\" \/>\n<meta property=\"article:modified_time\" content=\"2025-02-02T16:05:28+00:00\" \/>\n<meta property=\"og:image\" content=\"https:\/\/filtag.com\/wp-content\/uploads\/2024\/12\/F01-500-G1CH-WO.jpg\" \/>\n\t<meta property=\"og:image:width\" content=\"800\" \/>\n\t<meta property=\"og:image:height\" content=\"600\" \/>\n\t<meta property=\"og:image:type\" content=\"image\/jpeg\" \/>\n<meta name=\"twitter:card\" content=\"summary_large_image\" \/>\n<meta name=\"twitter:label1\" content=\"Est. reading time\" \/>\n\t<meta name=\"twitter:data1\" content=\"2 minutes\" \/>\n<script type=\"application\/ld+json\" class=\"yoast-schema-graph\">{\"@context\":\"https:\/\/schema.org\",\"@graph\":[{\"@type\":\"WebPage\",\"@id\":\"https:\/\/filtag.com\/en\/industrial-products\/polyester-fabrics\/f01-500-g1ch-wo\/\",\"url\":\"https:\/\/filtag.com\/en\/industrial-products\/polyester-fabrics\/f01-500-g1ch-wo\/\",\"name\":\"F01-500-G1CH-WO - Filtag Filtrasyon\",\"isPartOf\":{\"@id\":\"https:\/\/filtag.com\/#website\"},\"primaryImageOfPage\":{\"@id\":\"https:\/\/filtag.com\/en\/industrial-products\/polyester-fabrics\/f01-500-g1ch-wo\/#primaryimage\"},\"image\":{\"@id\":\"https:\/\/filtag.com\/en\/industrial-products\/polyester-fabrics\/f01-500-g1ch-wo\/#primaryimage\"},\"thumbnailUrl\":\"https:\/\/filtag.com\/wp-content\/uploads\/2024\/12\/F01-500-G1CH-WO.jpg\",\"datePublished\":\"2024-12-11T19:28:39+00:00\",\"dateModified\":\"2025-02-02T16:05:28+00:00\",\"breadcrumb\":{\"@id\":\"https:\/\/filtag.com\/en\/industrial-products\/polyester-fabrics\/f01-500-g1ch-wo\/#breadcrumb\"},\"inLanguage\":\"en-US\",\"potentialAction\":[{\"@type\":\"ReadAction\",\"target\":[\"https:\/\/filtag.com\/en\/industrial-products\/polyester-fabrics\/f01-500-g1ch-wo\/\"]}]},{\"@type\":\"ImageObject\",\"inLanguage\":\"en-US\",\"@id\":\"https:\/\/filtag.com\/en\/industrial-products\/polyester-fabrics\/f01-500-g1ch-wo\/#primaryimage\",\"url\":\"https:\/\/filtag.com\/wp-content\/uploads\/2024\/12\/F01-500-G1CH-WO.jpg\",\"contentUrl\":\"https:\/\/filtag.com\/wp-content\/uploads\/2024\/12\/F01-500-G1CH-WO.jpg\",\"width\":800,\"height\":600},{\"@type\":\"BreadcrumbList\",\"@id\":\"https:\/\/filtag.com\/en\/industrial-products\/polyester-fabrics\/f01-500-g1ch-wo\/#breadcrumb\",\"itemListElement\":[{\"@type\":\"ListItem\",\"position\":1,\"name\":\"Home\",\"item\":\"https:\/\/filtag.com\/en\/\"},{\"@type\":\"ListItem\",\"position\":2,\"name\":\"Industrial Products\",\"item\":\"https:\/\/filtag.com\/en\/industrial-products\/\"},{\"@type\":\"ListItem\",\"position\":3,\"name\":\"Polyester Fabrics\",\"item\":\"https:\/\/filtag.com\/en\/industrial-products\/polyester-fabrics\/\"},{\"@type\":\"ListItem\",\"position\":4,\"name\":\"F01-500-G1CH-WO\"}]},{\"@type\":\"WebSite\",\"@id\":\"https:\/\/filtag.com\/#website\",\"url\":\"https:\/\/filtag.com\/\",\"name\":\"Filtag Filtrasyon\",\"description\":\"Do\u011fru Tercih Do\u011fru Filtreleme\",\"publisher\":{\"@id\":\"https:\/\/filtag.com\/#organization\"},\"alternateName\":\"Y\u00fcksek Performansl\u0131 Filtrasyon \u00dcr\u00fcleri\",\"potentialAction\":[{\"@type\":\"SearchAction\",\"target\":{\"@type\":\"EntryPoint\",\"urlTemplate\":\"https:\/\/filtag.com\/?s={search_term_string}\"},\"query-input\":{\"@type\":\"PropertyValueSpecification\",\"valueRequired\":true,\"valueName\":\"search_term_string\"}}],\"inLanguage\":\"en-US\"},{\"@type\":\"Organization\",\"@id\":\"https:\/\/filtag.com\/#organization\",\"name\":\"Filtag Filtrasyon\",\"url\":\"https:\/\/filtag.com\/\",\"logo\":{\"@type\":\"ImageObject\",\"inLanguage\":\"en-US\",\"@id\":\"https:\/\/filtag.com\/#\/schema\/logo\/image\/\",\"url\":\"https:\/\/filtag.com\/wp-content\/uploads\/2024\/04\/Logo-mavi.png\",\"contentUrl\":\"https:\/\/filtag.com\/wp-content\/uploads\/2024\/04\/Logo-mavi.png\",\"width\":650,\"height\":103,\"caption\":\"Filtag Filtrasyon\"},\"image\":{\"@id\":\"https:\/\/filtag.com\/#\/schema\/logo\/image\/\"},\"sameAs\":[\"https:\/\/www.instagram.com\/filtagfiltre\/\"]}]}<\/script>\n<!-- \/ Yoast SEO plugin. -->","yoast_head_json":{"title":"F01-500-G1CH-WO - Filtag Filtrasyon","robots":{"index":"index","follow":"follow","max-snippet":"max-snippet:-1","max-image-preview":"max-image-preview:large","max-video-preview":"max-video-preview:-1"},"canonical":"https:\/\/filtag.com\/en\/industrial-products\/polyester-fabrics\/f01-500-g1ch-wo\/","og_locale":"en_US","og_type":"article","og_title":"F01-500-G1CH-WO - Filtag Filtrasyon","og_description":"[vc_row woodmart_css_id=&#8221;66f2a2d1b5998&#8243; responsive_spacing=&#8221;eyJwYXJhbV90eXBlIjoid29vZG1hcnRfcmVzcG9uc2l2ZV9zcGFjaW5nIiwic2VsZWN0b3JfaWQiOiI2NmYyYTJkMWI1OTk4Iiwic2hvcnRjb2RlIjoidmNfcm93IiwiZGF0YSI6eyJ0YWJsZXQiOnt9LCJtb2JpbGUiOnt9fX0=&#8221; mobile_bg_img_hidden=&#8221;no&#8221; tablet_bg_img_hidden=&#8221;no&#8221; woodmart_parallax=&#8221;0&#8243; woodmart_gradient_switch=&#8221;no&#8221; woodmart_box_shadow=&#8221;no&#8221; wd_z_index=&#8221;no&#8221; woodmart_disable_overflow=&#8221;0&#8243; row_reverse_mobile=&#8221;0&#8243; row_reverse_tablet=&#8221;0&#8243;][vc_column width=&#8221;1\/2&#8243;][\/vc_column][vc_column width=&#8221;1\/2&#8243;][\/vc_column][\/vc_row][vc_row][vc_column][vc_empty_space woodmart_hide_large=&#8221;0&#8243; woodmart_hide_medium=&#8221;0&#8243; woodmart_hide_small=&#8221;0&#8243;][vc_column_text css=&#8221;&#8221; woodmart_inline=&#8221;no&#8221; text_larger=&#8221;no&#8221;]","og_url":"https:\/\/filtag.com\/en\/industrial-products\/polyester-fabrics\/f01-500-g1ch-wo\/","og_site_name":"Filtag Filtrasyon","article_modified_time":"2025-02-02T16:05:28+00:00","og_image":[{"width":800,"height":600,"url":"https:\/\/filtag.com\/wp-content\/uploads\/2024\/12\/F01-500-G1CH-WO.jpg","type":"image\/jpeg"}],"twitter_card":"summary_large_image","twitter_misc":{"Est. reading time":"2 minutes"},"schema":{"@context":"https:\/\/schema.org","@graph":[{"@type":"WebPage","@id":"https:\/\/filtag.com\/en\/industrial-products\/polyester-fabrics\/f01-500-g1ch-wo\/","url":"https:\/\/filtag.com\/en\/industrial-products\/polyester-fabrics\/f01-500-g1ch-wo\/","name":"F01-500-G1CH-WO - Filtag Filtrasyon","isPartOf":{"@id":"https:\/\/filtag.com\/#website"},"primaryImageOfPage":{"@id":"https:\/\/filtag.com\/en\/industrial-products\/polyester-fabrics\/f01-500-g1ch-wo\/#primaryimage"},"image":{"@id":"https:\/\/filtag.com\/en\/industrial-products\/polyester-fabrics\/f01-500-g1ch-wo\/#primaryimage"},"thumbnailUrl":"https:\/\/filtag.com\/wp-content\/uploads\/2024\/12\/F01-500-G1CH-WO.jpg","datePublished":"2024-12-11T19:28:39+00:00","dateModified":"2025-02-02T16:05:28+00:00","breadcrumb":{"@id":"https:\/\/filtag.com\/en\/industrial-products\/polyester-fabrics\/f01-500-g1ch-wo\/#breadcrumb"},"inLanguage":"en-US","potentialAction":[{"@type":"ReadAction","target":["https:\/\/filtag.com\/en\/industrial-products\/polyester-fabrics\/f01-500-g1ch-wo\/"]}]},{"@type":"ImageObject","inLanguage":"en-US","@id":"https:\/\/filtag.com\/en\/industrial-products\/polyester-fabrics\/f01-500-g1ch-wo\/#primaryimage","url":"https:\/\/filtag.com\/wp-content\/uploads\/2024\/12\/F01-500-G1CH-WO.jpg","contentUrl":"https:\/\/filtag.com\/wp-content\/uploads\/2024\/12\/F01-500-G1CH-WO.jpg","width":800,"height":600},{"@type":"BreadcrumbList","@id":"https:\/\/filtag.com\/en\/industrial-products\/polyester-fabrics\/f01-500-g1ch-wo\/#breadcrumb","itemListElement":[{"@type":"ListItem","position":1,"name":"Home","item":"https:\/\/filtag.com\/en\/"},{"@type":"ListItem","position":2,"name":"Industrial Products","item":"https:\/\/filtag.com\/en\/industrial-products\/"},{"@type":"ListItem","position":3,"name":"Polyester Fabrics","item":"https:\/\/filtag.com\/en\/industrial-products\/polyester-fabrics\/"},{"@type":"ListItem","position":4,"name":"F01-500-G1CH-WO"}]},{"@type":"WebSite","@id":"https:\/\/filtag.com\/#website","url":"https:\/\/filtag.com\/","name":"Filtag Filtrasyon","description":"Do\u011fru Tercih Do\u011fru Filtreleme","publisher":{"@id":"https:\/\/filtag.com\/#organization"},"alternateName":"Y\u00fcksek Performansl\u0131 Filtrasyon \u00dcr\u00fcleri","potentialAction":[{"@type":"SearchAction","target":{"@type":"EntryPoint","urlTemplate":"https:\/\/filtag.com\/?s={search_term_string}"},"query-input":{"@type":"PropertyValueSpecification","valueRequired":true,"valueName":"search_term_string"}}],"inLanguage":"en-US"},{"@type":"Organization","@id":"https:\/\/filtag.com\/#organization","name":"Filtag Filtrasyon","url":"https:\/\/filtag.com\/","logo":{"@type":"ImageObject","inLanguage":"en-US","@id":"https:\/\/filtag.com\/#\/schema\/logo\/image\/","url":"https:\/\/filtag.com\/wp-content\/uploads\/2024\/04\/Logo-mavi.png","contentUrl":"https:\/\/filtag.com\/wp-content\/uploads\/2024\/04\/Logo-mavi.png","width":650,"height":103,"caption":"Filtag Filtrasyon"},"image":{"@id":"https:\/\/filtag.com\/#\/schema\/logo\/image\/"},"sameAs":["https:\/\/www.instagram.com\/filtagfiltre\/"]}]}},"_links":{"self":[{"href":"https:\/\/filtag.com\/en\/wp-json\/wp\/v2\/pages\/10572","targetHints":{"allow":["GET"]}}],"collection":[{"href":"https:\/\/filtag.com\/en\/wp-json\/wp\/v2\/pages"}],"about":[{"href":"https:\/\/filtag.com\/en\/wp-json\/wp\/v2\/types\/page"}],"author":[{"embeddable":true,"href":"https:\/\/filtag.com\/en\/wp-json\/wp\/v2\/users\/1"}],"replies":[{"embeddable":true,"href":"https:\/\/filtag.com\/en\/wp-json\/wp\/v2\/comments?post=10572"}],"version-history":[{"count":3,"href":"https:\/\/filtag.com\/en\/wp-json\/wp\/v2\/pages\/10572\/revisions"}],"predecessor-version":[{"id":10880,"href":"https:\/\/filtag.com\/en\/wp-json\/wp\/v2\/pages\/10572\/revisions\/10880"}],"up":[{"embeddable":true,"href":"https:\/\/filtag.com\/en\/wp-json\/wp\/v2\/pages\/10563"}],"wp:featuredmedia":[{"embeddable":true,"href":"https:\/\/filtag.com\/en\/wp-json\/wp\/v2\/media\/10424"}],"wp:attachment":[{"href":"https:\/\/filtag.com\/en\/wp-json\/wp\/v2\/media?parent=10572"}],"curies":[{"name":"wp","href":"https:\/\/api.w.org\/{rel}","templated":true}]}}