{"id":10544,"date":"2024-12-16T17:47:09","date_gmt":"2024-12-16T14:47:09","guid":{"rendered":"https:\/\/filtag.com\/fb02-400-g1ch\/"},"modified":"2025-02-02T20:53:17","modified_gmt":"2025-02-02T17:53:17","slug":"fb02-400-g1ch","status":"publish","type":"page","link":"https:\/\/filtag.com\/en\/filter-bags\/acrylic-bags\/fb02-400-g1ch\/","title":{"rendered":"FB02-400-G1CH"},"content":{"rendered":"<div class=\"wpb-content-wrapper\"><p>[vc_row woodmart_css_id=&#8221;66f2a2d1b5998&#8243; responsive_spacing=&#8221;eyJwYXJhbV90eXBlIjoid29vZG1hcnRfcmVzcG9uc2l2ZV9zcGFjaW5nIiwic2VsZWN0b3JfaWQiOiI2NmYyYTJkMWI1OTk4Iiwic2hvcnRjb2RlIjoidmNfcm93IiwiZGF0YSI6eyJ0YWJsZXQiOnt9LCJtb2JpbGUiOnt9fX0=&#8221; mobile_bg_img_hidden=&#8221;no&#8221; tablet_bg_img_hidden=&#8221;no&#8221; woodmart_parallax=&#8221;0&#8243; woodmart_gradient_switch=&#8221;no&#8221; woodmart_box_shadow=&#8221;no&#8221; wd_z_index=&#8221;no&#8221; woodmart_disable_overflow=&#8221;0&#8243; row_reverse_mobile=&#8221;0&#8243; row_reverse_tablet=&#8221;0&#8243;][vc_column width=&#8221;1\/2&#8243;]\t\t<div id=\"wd-67603d0a6859b\" class=\"wd-image wd-wpb wd-rs-67603d0a6859b text-left \">\n\t\t\t\n\t\t\t<img loading=\"lazy\" decoding=\"async\" width=\"800\" height=\"600\" src=\"https:\/\/filtag.com\/wp-content\/uploads\/2024\/12\/F02-400-G1CH-1.jpg\" class=\"attachment-full size-full\" alt=\"\" srcset=\"https:\/\/filtag.com\/wp-content\/uploads\/2024\/12\/F02-400-G1CH-1.jpg 800w, https:\/\/filtag.com\/wp-content\/uploads\/2024\/12\/F02-400-G1CH-1-400x300.jpg 400w, https:\/\/filtag.com\/wp-content\/uploads\/2024\/12\/F02-400-G1CH-1-768x576.jpg 768w, https:\/\/filtag.com\/wp-content\/uploads\/2024\/12\/F02-400-G1CH-1-430x323.jpg 430w, https:\/\/filtag.com\/wp-content\/uploads\/2024\/12\/F02-400-G1CH-1-700x525.jpg 700w, https:\/\/filtag.com\/wp-content\/uploads\/2024\/12\/F02-400-G1CH-1-150x113.jpg 150w\" sizes=\"auto, (max-width: 800px) 100vw, 800px\" \/>\n\t\t\t\t\t<\/div>\n\t\t[\/vc_column][vc_column width=&#8221;1\/2&#8243;]\t\t\t<link rel=\"stylesheet\" id=\"wd-section-title-css\" href=\"https:\/\/filtag.com\/wp-content\/themes\/woodmart\/css\/parts\/el-section-title.min.css?ver=7.4.3\" type=\"text\/css\" media=\"all\" \/> \t\t\t\n\t\t<div id=\"wd-678ad980b8925\" class=\"title-wrapper wd-wpb set-mb-s reset-last-child  wd-rs-678ad980b8925 wd-title-color-default wd-title-style-default text-left \">\n\t\t\t\n\t\t\t<div class=\"liner-continer\">\n\t\t\t\t<h2 class=\"woodmart-title-container title  wd-font-weight- wd-fontsize-xxl\" >ACRYLIC BAG<\/h2>\n\t\t\t\t\t\t\t<\/div>\n\t\t\t\n\t\t\t\t\t\t\t<div class=\"title-after_title  set-cont-mb-s reset-last-child  wd-fontsize-s\">This special fabric is preferred in areas that produce high amounts of dust, such as detergent production facilities, garbage incineration facilities, asphalt production facilities, coal mills and power plants. Thanks to its durability and filtering performance, it both improves air quality and helps reduce environmental pollution in such environments.<\/div>\n\t\t\t\n\t\t\t\n\t\t<\/div>\n\t\t\n\t\t[\/vc_column][\/vc_row][vc_row][vc_column][vc_empty_space woodmart_hide_large=&#8221;0&#8243; woodmart_hide_medium=&#8221;0&#8243; woodmart_hide_small=&#8221;0&#8243;][vc_column_text css=&#8221;&#8221; woodmart_inline=&#8221;no&#8221; text_larger=&#8221;no&#8221;]<\/p>\n<table width=\"100%\">\n<tbody>\n<tr>\n<td colspan=\"2\" width=\"197\">ACRYLIC BAG FILTER<\/td>\n<td width=\"220\"><\/td>\n<\/tr>\n<tr>\n<td colspan=\"2\" width=\"197\">CODE<\/td>\n<td width=\"220\">FB02-400-G1CH<\/td>\n<\/tr>\n<tr>\n<td colspan=\"2\" width=\"197\">Raw Material<\/td>\n<td width=\"220\">%100 Polyacrylonitrile (PAN)<\/td>\n<\/tr>\n<tr>\n<td colspan=\"2\" width=\"197\">Weight<\/td>\n<td width=\"220\">400 gr\/m\u00b2<\/td>\n<\/tr>\n<tr>\n<td colspan=\"2\" width=\"197\">Thickness<\/td>\n<td width=\"220\">2,0 mm<\/td>\n<\/tr>\n<tr>\n<td colspan=\"2\" width=\"197\">Density<\/td>\n<td width=\"220\">0,2<\/td>\n<\/tr>\n<tr>\n<td colspan=\"2\" width=\"197\">Air Permeability<\/td>\n<td width=\"220\">250-300 l\/dm2\/min (200pa)<\/td>\n<\/tr>\n<tr>\n<td colspan=\"2\" width=\"197\">Resistance to Temperature<\/td>\n<td width=\"220\">Continuous 125\u1d52C, Short-term 140\u1d52C<\/td>\n<\/tr>\n<tr>\n<td colspan=\"2\" width=\"197\">Resistance to Acids<\/td>\n<td width=\"220\">Very good<\/td>\n<\/tr>\n<tr>\n<td colspan=\"2\" width=\"197\">Resistance to Alkalis<\/td>\n<td width=\"220\">Fair<\/td>\n<\/tr>\n<tr>\n<td colspan=\"2\" width=\"197\">Resistance to Oxidizers<\/td>\n<td width=\"220\">Good<\/td>\n<\/tr>\n<tr>\n<td colspan=\"2\" width=\"197\">Resistance to Organic Solvents<\/td>\n<td width=\"220\">Very good<\/td>\n<\/tr>\n<tr>\n<td colspan=\"2\" width=\"197\">Resistance to Hydrolysis<\/td>\n<td width=\"220\">Excellent<\/td>\n<\/tr>\n<tr>\n<td colspan=\"2\" width=\"197\">Biological Resistance<\/td>\n<td width=\"220\">Very good<\/td>\n<\/tr>\n<tr>\n<td rowspan=\"2\" width=\"116\">Shrinkage With Temperature<\/td>\n<td width=\"81\">Lengthways<\/td>\n<td width=\"220\">&lt; %1 (140\u1d52C 1 hour)<\/td>\n<\/tr>\n<tr>\n<td width=\"81\">Across<\/td>\n<td width=\"220\">&lt; %1<\/td>\n<\/tr>\n<tr>\n<td rowspan=\"2\" width=\"116\">Tear Strength<br \/>\n(Sample 25 x 5 cm)<\/td>\n<td width=\"81\">Lengthways<\/td>\n<td width=\"220\">45 Kg.<\/td>\n<\/tr>\n<tr>\n<td width=\"81\">Across<\/td>\n<td width=\"220\">80 Kg.<\/td>\n<\/tr>\n<tr>\n<td rowspan=\"2\" width=\"116\">Extension to Break<\/td>\n<td width=\"81\">Lengthways<\/td>\n<td width=\"220\">11%<\/td>\n<\/tr>\n<tr>\n<td width=\"81\">Across<\/td>\n<td width=\"220\">30,0%<\/td>\n<\/tr>\n<tr>\n<td colspan=\"2\" width=\"197\">Finishing<\/td>\n<td width=\"220\">Heat-set, Singed on side and calendered.<\/td>\n<\/tr>\n<\/tbody>\n<\/table>\n<p>[\/vc_column_text][\/vc_column][\/vc_row]<\/p>\n<\/div>","protected":false},"excerpt":{"rendered":"<p>[vc_row woodmart_css_id=&#8221;66f2a2d1b5998&#8243; responsive_spacing=&#8221;eyJwYXJhbV90eXBlIjoid29vZG1hcnRfcmVzcG9uc2l2ZV9zcGFjaW5nIiwic2VsZWN0b3JfaWQiOiI2NmYyYTJkMWI1OTk4Iiwic2hvcnRjb2RlIjoidmNfcm93IiwiZGF0YSI6eyJ0YWJsZXQiOnt9LCJtb2JpbGUiOnt9fX0=&#8221; mobile_bg_img_hidden=&#8221;no&#8221; tablet_bg_img_hidden=&#8221;no&#8221; woodmart_parallax=&#8221;0&#8243; woodmart_gradient_switch=&#8221;no&#8221; woodmart_box_shadow=&#8221;no&#8221; wd_z_index=&#8221;no&#8221; woodmart_disable_overflow=&#8221;0&#8243; row_reverse_mobile=&#8221;0&#8243; row_reverse_tablet=&#8221;0&#8243;][vc_column width=&#8221;1\/2&#8243;][\/vc_column][vc_column width=&#8221;1\/2&#8243;][\/vc_column][\/vc_row][vc_row][vc_column][vc_empty_space woodmart_hide_large=&#8221;0&#8243; woodmart_hide_medium=&#8221;0&#8243; woodmart_hide_small=&#8221;0&#8243;][vc_column_text css=&#8221;&#8221; woodmart_inline=&#8221;no&#8221; text_larger=&#8221;no&#8221;]<\/p>\n","protected":false},"author":1,"featured_media":10451,"parent":10545,"menu_order":0,"comment_status":"closed","ping_status":"closed","template":"","meta":{"footnotes":""},"class_list":["post-10544","page","type-page","status-publish","has-post-thumbnail","hentry"],"yoast_head":"<!-- This site is optimized with the Yoast SEO plugin v24.2 - https:\/\/yoast.com\/wordpress\/plugins\/seo\/ -->\n<title>FB02-400-G1CH - Filtag Filtrasyon<\/title>\n<meta name=\"robots\" content=\"index, follow, max-snippet:-1, max-image-preview:large, max-video-preview:-1\" \/>\n<link rel=\"canonical\" href=\"https:\/\/filtag.com\/en\/filter-bags\/acrylic-bags\/fb02-400-g1ch\/\" \/>\n<meta property=\"og:locale\" content=\"en_US\" \/>\n<meta property=\"og:type\" content=\"article\" \/>\n<meta property=\"og:title\" content=\"FB02-400-G1CH - Filtag Filtrasyon\" \/>\n<meta property=\"og:description\" content=\"[vc_row woodmart_css_id=&#8221;66f2a2d1b5998&#8243; responsive_spacing=&#8221;eyJwYXJhbV90eXBlIjoid29vZG1hcnRfcmVzcG9uc2l2ZV9zcGFjaW5nIiwic2VsZWN0b3JfaWQiOiI2NmYyYTJkMWI1OTk4Iiwic2hvcnRjb2RlIjoidmNfcm93IiwiZGF0YSI6eyJ0YWJsZXQiOnt9LCJtb2JpbGUiOnt9fX0=&#8221; mobile_bg_img_hidden=&#8221;no&#8221; tablet_bg_img_hidden=&#8221;no&#8221; woodmart_parallax=&#8221;0&#8243; woodmart_gradient_switch=&#8221;no&#8221; woodmart_box_shadow=&#8221;no&#8221; wd_z_index=&#8221;no&#8221; woodmart_disable_overflow=&#8221;0&#8243; row_reverse_mobile=&#8221;0&#8243; row_reverse_tablet=&#8221;0&#8243;][vc_column width=&#8221;1\/2&#8243;][\/vc_column][vc_column width=&#8221;1\/2&#8243;][\/vc_column][\/vc_row][vc_row][vc_column][vc_empty_space woodmart_hide_large=&#8221;0&#8243; woodmart_hide_medium=&#8221;0&#8243; woodmart_hide_small=&#8221;0&#8243;][vc_column_text css=&#8221;&#8221; woodmart_inline=&#8221;no&#8221; text_larger=&#8221;no&#8221;]\" \/>\n<meta property=\"og:url\" content=\"https:\/\/filtag.com\/en\/filter-bags\/acrylic-bags\/fb02-400-g1ch\/\" \/>\n<meta property=\"og:site_name\" content=\"Filtag Filtrasyon\" \/>\n<meta property=\"article:modified_time\" content=\"2025-02-02T17:53:17+00:00\" \/>\n<meta property=\"og:image\" content=\"https:\/\/filtag.com\/wp-content\/uploads\/2024\/12\/F02-400-G1CH-1.jpg\" \/>\n\t<meta property=\"og:image:width\" content=\"800\" \/>\n\t<meta property=\"og:image:height\" content=\"600\" \/>\n\t<meta property=\"og:image:type\" content=\"image\/jpeg\" \/>\n<meta name=\"twitter:card\" content=\"summary_large_image\" \/>\n<meta name=\"twitter:label1\" content=\"Est. reading time\" \/>\n\t<meta name=\"twitter:data1\" content=\"2 minutes\" \/>\n<script type=\"application\/ld+json\" class=\"yoast-schema-graph\">{\"@context\":\"https:\/\/schema.org\",\"@graph\":[{\"@type\":\"WebPage\",\"@id\":\"https:\/\/filtag.com\/en\/filter-bags\/acrylic-bags\/fb02-400-g1ch\/\",\"url\":\"https:\/\/filtag.com\/en\/filter-bags\/acrylic-bags\/fb02-400-g1ch\/\",\"name\":\"FB02-400-G1CH - Filtag Filtrasyon\",\"isPartOf\":{\"@id\":\"https:\/\/filtag.com\/#website\"},\"primaryImageOfPage\":{\"@id\":\"https:\/\/filtag.com\/en\/filter-bags\/acrylic-bags\/fb02-400-g1ch\/#primaryimage\"},\"image\":{\"@id\":\"https:\/\/filtag.com\/en\/filter-bags\/acrylic-bags\/fb02-400-g1ch\/#primaryimage\"},\"thumbnailUrl\":\"https:\/\/filtag.com\/wp-content\/uploads\/2024\/12\/F02-400-G1CH-1.jpg\",\"datePublished\":\"2024-12-16T14:47:09+00:00\",\"dateModified\":\"2025-02-02T17:53:17+00:00\",\"breadcrumb\":{\"@id\":\"https:\/\/filtag.com\/en\/filter-bags\/acrylic-bags\/fb02-400-g1ch\/#breadcrumb\"},\"inLanguage\":\"en-US\",\"potentialAction\":[{\"@type\":\"ReadAction\",\"target\":[\"https:\/\/filtag.com\/en\/filter-bags\/acrylic-bags\/fb02-400-g1ch\/\"]}]},{\"@type\":\"ImageObject\",\"inLanguage\":\"en-US\",\"@id\":\"https:\/\/filtag.com\/en\/filter-bags\/acrylic-bags\/fb02-400-g1ch\/#primaryimage\",\"url\":\"https:\/\/filtag.com\/wp-content\/uploads\/2024\/12\/F02-400-G1CH-1.jpg\",\"contentUrl\":\"https:\/\/filtag.com\/wp-content\/uploads\/2024\/12\/F02-400-G1CH-1.jpg\",\"width\":800,\"height\":600},{\"@type\":\"BreadcrumbList\",\"@id\":\"https:\/\/filtag.com\/en\/filter-bags\/acrylic-bags\/fb02-400-g1ch\/#breadcrumb\",\"itemListElement\":[{\"@type\":\"ListItem\",\"position\":1,\"name\":\"Home\",\"item\":\"https:\/\/filtag.com\/en\/\"},{\"@type\":\"ListItem\",\"position\":2,\"name\":\"Filter Bags\",\"item\":\"https:\/\/filtag.com\/en\/filter-bags\/\"},{\"@type\":\"ListItem\",\"position\":3,\"name\":\"Acrylic Bags\",\"item\":\"https:\/\/filtag.com\/en\/filter-bags\/acrylic-bags\/\"},{\"@type\":\"ListItem\",\"position\":4,\"name\":\"FB02-400-G1CH\"}]},{\"@type\":\"WebSite\",\"@id\":\"https:\/\/filtag.com\/#website\",\"url\":\"https:\/\/filtag.com\/\",\"name\":\"Filtag Filtrasyon\",\"description\":\"Do\u011fru Tercih Do\u011fru Filtreleme\",\"publisher\":{\"@id\":\"https:\/\/filtag.com\/#organization\"},\"alternateName\":\"Y\u00fcksek Performansl\u0131 Filtrasyon \u00dcr\u00fcleri\",\"potentialAction\":[{\"@type\":\"SearchAction\",\"target\":{\"@type\":\"EntryPoint\",\"urlTemplate\":\"https:\/\/filtag.com\/?s={search_term_string}\"},\"query-input\":{\"@type\":\"PropertyValueSpecification\",\"valueRequired\":true,\"valueName\":\"search_term_string\"}}],\"inLanguage\":\"en-US\"},{\"@type\":\"Organization\",\"@id\":\"https:\/\/filtag.com\/#organization\",\"name\":\"Filtag Filtrasyon\",\"url\":\"https:\/\/filtag.com\/\",\"logo\":{\"@type\":\"ImageObject\",\"inLanguage\":\"en-US\",\"@id\":\"https:\/\/filtag.com\/#\/schema\/logo\/image\/\",\"url\":\"https:\/\/filtag.com\/wp-content\/uploads\/2024\/04\/Logo-mavi.png\",\"contentUrl\":\"https:\/\/filtag.com\/wp-content\/uploads\/2024\/04\/Logo-mavi.png\",\"width\":650,\"height\":103,\"caption\":\"Filtag Filtrasyon\"},\"image\":{\"@id\":\"https:\/\/filtag.com\/#\/schema\/logo\/image\/\"},\"sameAs\":[\"https:\/\/www.instagram.com\/filtagfiltre\/\"]}]}<\/script>\n<!-- \/ Yoast SEO plugin. -->","yoast_head_json":{"title":"FB02-400-G1CH - Filtag Filtrasyon","robots":{"index":"index","follow":"follow","max-snippet":"max-snippet:-1","max-image-preview":"max-image-preview:large","max-video-preview":"max-video-preview:-1"},"canonical":"https:\/\/filtag.com\/en\/filter-bags\/acrylic-bags\/fb02-400-g1ch\/","og_locale":"en_US","og_type":"article","og_title":"FB02-400-G1CH - Filtag Filtrasyon","og_description":"[vc_row woodmart_css_id=&#8221;66f2a2d1b5998&#8243; responsive_spacing=&#8221;eyJwYXJhbV90eXBlIjoid29vZG1hcnRfcmVzcG9uc2l2ZV9zcGFjaW5nIiwic2VsZWN0b3JfaWQiOiI2NmYyYTJkMWI1OTk4Iiwic2hvcnRjb2RlIjoidmNfcm93IiwiZGF0YSI6eyJ0YWJsZXQiOnt9LCJtb2JpbGUiOnt9fX0=&#8221; mobile_bg_img_hidden=&#8221;no&#8221; tablet_bg_img_hidden=&#8221;no&#8221; woodmart_parallax=&#8221;0&#8243; woodmart_gradient_switch=&#8221;no&#8221; woodmart_box_shadow=&#8221;no&#8221; wd_z_index=&#8221;no&#8221; woodmart_disable_overflow=&#8221;0&#8243; row_reverse_mobile=&#8221;0&#8243; row_reverse_tablet=&#8221;0&#8243;][vc_column width=&#8221;1\/2&#8243;][\/vc_column][vc_column width=&#8221;1\/2&#8243;][\/vc_column][\/vc_row][vc_row][vc_column][vc_empty_space woodmart_hide_large=&#8221;0&#8243; woodmart_hide_medium=&#8221;0&#8243; woodmart_hide_small=&#8221;0&#8243;][vc_column_text css=&#8221;&#8221; woodmart_inline=&#8221;no&#8221; text_larger=&#8221;no&#8221;]","og_url":"https:\/\/filtag.com\/en\/filter-bags\/acrylic-bags\/fb02-400-g1ch\/","og_site_name":"Filtag Filtrasyon","article_modified_time":"2025-02-02T17:53:17+00:00","og_image":[{"width":800,"height":600,"url":"https:\/\/filtag.com\/wp-content\/uploads\/2024\/12\/F02-400-G1CH-1.jpg","type":"image\/jpeg"}],"twitter_card":"summary_large_image","twitter_misc":{"Est. reading time":"2 minutes"},"schema":{"@context":"https:\/\/schema.org","@graph":[{"@type":"WebPage","@id":"https:\/\/filtag.com\/en\/filter-bags\/acrylic-bags\/fb02-400-g1ch\/","url":"https:\/\/filtag.com\/en\/filter-bags\/acrylic-bags\/fb02-400-g1ch\/","name":"FB02-400-G1CH - Filtag Filtrasyon","isPartOf":{"@id":"https:\/\/filtag.com\/#website"},"primaryImageOfPage":{"@id":"https:\/\/filtag.com\/en\/filter-bags\/acrylic-bags\/fb02-400-g1ch\/#primaryimage"},"image":{"@id":"https:\/\/filtag.com\/en\/filter-bags\/acrylic-bags\/fb02-400-g1ch\/#primaryimage"},"thumbnailUrl":"https:\/\/filtag.com\/wp-content\/uploads\/2024\/12\/F02-400-G1CH-1.jpg","datePublished":"2024-12-16T14:47:09+00:00","dateModified":"2025-02-02T17:53:17+00:00","breadcrumb":{"@id":"https:\/\/filtag.com\/en\/filter-bags\/acrylic-bags\/fb02-400-g1ch\/#breadcrumb"},"inLanguage":"en-US","potentialAction":[{"@type":"ReadAction","target":["https:\/\/filtag.com\/en\/filter-bags\/acrylic-bags\/fb02-400-g1ch\/"]}]},{"@type":"ImageObject","inLanguage":"en-US","@id":"https:\/\/filtag.com\/en\/filter-bags\/acrylic-bags\/fb02-400-g1ch\/#primaryimage","url":"https:\/\/filtag.com\/wp-content\/uploads\/2024\/12\/F02-400-G1CH-1.jpg","contentUrl":"https:\/\/filtag.com\/wp-content\/uploads\/2024\/12\/F02-400-G1CH-1.jpg","width":800,"height":600},{"@type":"BreadcrumbList","@id":"https:\/\/filtag.com\/en\/filter-bags\/acrylic-bags\/fb02-400-g1ch\/#breadcrumb","itemListElement":[{"@type":"ListItem","position":1,"name":"Home","item":"https:\/\/filtag.com\/en\/"},{"@type":"ListItem","position":2,"name":"Filter Bags","item":"https:\/\/filtag.com\/en\/filter-bags\/"},{"@type":"ListItem","position":3,"name":"Acrylic Bags","item":"https:\/\/filtag.com\/en\/filter-bags\/acrylic-bags\/"},{"@type":"ListItem","position":4,"name":"FB02-400-G1CH"}]},{"@type":"WebSite","@id":"https:\/\/filtag.com\/#website","url":"https:\/\/filtag.com\/","name":"Filtag Filtrasyon","description":"Do\u011fru Tercih Do\u011fru Filtreleme","publisher":{"@id":"https:\/\/filtag.com\/#organization"},"alternateName":"Y\u00fcksek Performansl\u0131 Filtrasyon \u00dcr\u00fcleri","potentialAction":[{"@type":"SearchAction","target":{"@type":"EntryPoint","urlTemplate":"https:\/\/filtag.com\/?s={search_term_string}"},"query-input":{"@type":"PropertyValueSpecification","valueRequired":true,"valueName":"search_term_string"}}],"inLanguage":"en-US"},{"@type":"Organization","@id":"https:\/\/filtag.com\/#organization","name":"Filtag Filtrasyon","url":"https:\/\/filtag.com\/","logo":{"@type":"ImageObject","inLanguage":"en-US","@id":"https:\/\/filtag.com\/#\/schema\/logo\/image\/","url":"https:\/\/filtag.com\/wp-content\/uploads\/2024\/04\/Logo-mavi.png","contentUrl":"https:\/\/filtag.com\/wp-content\/uploads\/2024\/04\/Logo-mavi.png","width":650,"height":103,"caption":"Filtag Filtrasyon"},"image":{"@id":"https:\/\/filtag.com\/#\/schema\/logo\/image\/"},"sameAs":["https:\/\/www.instagram.com\/filtagfiltre\/"]}]}},"_links":{"self":[{"href":"https:\/\/filtag.com\/en\/wp-json\/wp\/v2\/pages\/10544","targetHints":{"allow":["GET"]}}],"collection":[{"href":"https:\/\/filtag.com\/en\/wp-json\/wp\/v2\/pages"}],"about":[{"href":"https:\/\/filtag.com\/en\/wp-json\/wp\/v2\/types\/page"}],"author":[{"embeddable":true,"href":"https:\/\/filtag.com\/en\/wp-json\/wp\/v2\/users\/1"}],"replies":[{"embeddable":true,"href":"https:\/\/filtag.com\/en\/wp-json\/wp\/v2\/comments?post=10544"}],"version-history":[{"count":3,"href":"https:\/\/filtag.com\/en\/wp-json\/wp\/v2\/pages\/10544\/revisions"}],"predecessor-version":[{"id":10972,"href":"https:\/\/filtag.com\/en\/wp-json\/wp\/v2\/pages\/10544\/revisions\/10972"}],"up":[{"embeddable":true,"href":"https:\/\/filtag.com\/en\/wp-json\/wp\/v2\/pages\/10545"}],"wp:featuredmedia":[{"embeddable":true,"href":"https:\/\/filtag.com\/en\/wp-json\/wp\/v2\/media\/10451"}],"wp:attachment":[{"href":"https:\/\/filtag.com\/en\/wp-json\/wp\/v2\/media?parent=10544"}],"curies":[{"name":"wp","href":"https:\/\/api.w.org\/{rel}","templated":true}]}}