{"id":10501,"date":"2024-12-24T18:12:03","date_gmt":"2024-12-24T15:12:03","guid":{"rendered":"https:\/\/filtag.com\/ptfe-kumaslar\/"},"modified":"2025-01-18T00:43:53","modified_gmt":"2025-01-17T21:43:53","slug":"ptfe-fabrics","status":"publish","type":"page","link":"https:\/\/filtag.com\/en\/industrial-products\/ptfe-fabrics\/","title":{"rendered":"PTFE Fabrics"},"content":{"rendered":"<div class=\"wpb-content-wrapper\"><p>[vc_row][vc_column]<aside class=\"ul-custom-css-inline\">\t\t\t\t\t\t\t\t\t\t\r\n\t\t\t\t\t\t\t\t\t\t<style type=\"text\/css\">#ul53977.ultimate-layouts-container .ultimate-layouts-listing-wrap{margin-left:-15 !important;margin-right:-15 !important;}#ul53977.ultimate-layouts-container .ultimate-layouts-listing-wrap .ultimate-layouts-item{padding-left:15 !important;padding-right:15 !important;}#ul53977.ultimate-layouts-container .ultimate-layouts-listing-wrap{margin-bottom:-15 !important;}#ul53977.ultimate-layouts-container .ultimate-layouts-listing-wrap .ultimate-layouts-item{margin-bottom:15 !important;}<\/style>\r\n\t\t\t\t\t\t\t\t\t\t<h6>h6<\/h6>\r\n\t\t\t\t\t\t\t\t\t<\/aside><script>if(typeof(ultimate_layouts_ajax_url)==\"undefined\"){var ultimate_layouts_ajax_url=[]};ultimate_layouts_ajax_url[\"ul53977\"]=\"https:\/\/filtag.com\/wp-admin\/admin-ajax.php\";if(typeof(ultimate_layouts_query_params)==\"undefined\"){var ultimate_layouts_query_params=[]};ultimate_layouts_query_params[\"ul53977\"]={\"post_types\":\"page\",\"i_attachment\":\"\",\"taxonomies\":\"category\",\"multi_post_types\":\"\",\"multi_taxonomies\":\"\",\"query_types\":\"2\",\"i_taxonomies\":\"\",\"e_taxonomies\":\"\",\"i_ids\":\"9611, 9614, 9618\",\"cq_operator\":\"0\",\"e_ids\":\"\",\"query_author\":\"-\",\"query_offset\":\"\",\"query_include_children\":\"1\",\"today_post\":\"0\",\"datetime_meta\":\"\",\"woo_query\":\"0\",\"post_count\":50,\"posts_per_page\":10,\"d_i_filter\":\"\"};if(typeof(ultimate_layouts_filter)==\"undefined\"){var ultimate_layouts_filter=[]};ultimate_layouts_filter[\"ul53977\"]=\"\";if(typeof(ultimate_layouts_order)==\"undefined\"){var ultimate_layouts_order=[]};ultimate_layouts_order[\"ul53977\"]=\"ASC\";if(typeof(ultimate_layouts_orderby)==\"undefined\"){var ultimate_layouts_orderby=[]};ultimate_layouts_orderby[\"ul53977\"]=\"title\";if(typeof(ultimate_layouts_sub_opt_query)==\"undefined\"){var ultimate_layouts_sub_opt_query=[]};ultimate_layouts_sub_opt_query[\"ul53977\"]={\"meta_key_query\":\"\",\"paged\":1,\"first_query\":\"on\",\"total_pages\":1,\"items_last_page\":0};if(typeof(ultimate_layouts_options)==\"undefined\"){var ultimate_layouts_options=[]};ultimate_layouts_options[\"ul53977\"]={\"layout_style\":\"0\",\"button_gallery_name\":\"Gallery\",\"grid_style\":\"1\",\"list_style\":\"0\",\"carousel_t_style\":\"0\",\"carousel_f_style\":\"0\",\"creative_style\":\"0\",\"timeline_style\":\"0\",\"block_content_style\":\"0\",\"sync_slider_style\":\"0\",\"grid_masonry\":\"0\",\"show_arrows\":\"1\",\"arrows_outside\":\"0\",\"show_dots\":\"1\",\"infinite\":\"1\",\"autoplay\":\"1\",\"autoplayspeed\":5000,\"scrollperpage\":\"1\",\"speed\":500,\"centermode\":\"0\",\"sync_slider_height_d\":\"\",\"sync_slider_height_t\":\"\",\"sync_slider_height_m\":\"\",\"sync_slider_width_d\":\"\",\"sync_slider_width_t\":\"\",\"sync_slider_width_m\":\"\",\"show_elements\":\"0\",\"av_content\":\"0\",\"cc_mobile\":\"1\",\"cc_portrait_tablet\":\"1\",\"cc_landscape_tablet\":\"2\",\"cc_small_desktop\":\"3\",\"cc_medium_desktop\":\"3\",\"cc_large_desktop\":\"3\",\"cc_extra_large_desktop\":\"3\",\"image_size\":\"large\",\"image_size_s\":\"thumbnail\",\"s_image\":\"1\",\"s_image_link\":\"1\",\"s_image_link_target\":\"0\",\"s_icon_lightbox_video\":\"0\",\"video_url_meta\":\"0\",\"video_url_meta_key\":\"\",\"s_icon_lightbox_image\":\"1\",\"s_icon_link\":\"1\",\"s_icon_link_target\":\"0\",\"s_image_hover_effect\":\"0\",\"s_overlay_hover_effect\":\"\",\"s_overlay_settings\":\"0\",\"s_overlay_color\":\"\",\"s_image_post_format\":\"0\",\"s_image_post_format_pos\":\"ul-bottom-right\",\"s_image_avatar\":\"0\",\"s_title\":\"1\",\"s_title_limit\":\"0\",\"s_title_link\":\"1\",\"s_title_link_target\":\"0\",\"s_excerpt\":\"0\",\"s_excerpt_rbtn\":\"0\",\"s_excerpt_f\":\"get_the_excerpt\",\"s_excerpt_sc\":\"1\",\"s_excerpt_sh\":\"1\",\"s_excerpt_length\":0,\"s_categories\":\"0\",\"s_s_categories\":\"0\",\"s_s_categories_parent\":\"0\",\"ex_items_taxonomies\":\"\",\"s_c_categories\":\"0\",\"s_ct_categories\":\"\",\"s_cb_categories\":\"\",\"s_categories_target\":\"0\",\"s_metas_o\":\"0\",\"s_metas_o_author\":\"1\",\"s_metas_o_author_avatar\":\"0\",\"s_metas_o_time\":\"1\",\"time_format\":\"F j, Y\",\"s_metas_o_comment\":\"1\",\"s_metas_o_like\":\"0\",\"s_metas_o_share\":\"0\",\"custom_meta_o\":\"\",\"s_metas_t\":\"0\",\"s_metas_t_author\":\"0\",\"s_metas_t_author_avatar\":\"0\",\"s_metas_t_time\":\"0\",\"time_format_t\":\"F j, Y\",\"s_metas_t_comment\":\"0\",\"s_metas_t_like\":\"1\",\"s_metas_t_share\":\"1\",\"custom_meta_t\":\"\",\"s_metas_t_readmore\":\"1\",\"s_metas_t_readmore_link_target\":\"0\",\"share_text\":\"\",\"read_more_text\":\"\\u0130NCELE\",\"before_author_text\":\"\",\"pagination\":\"3\",\"loadmore_text\":\"\",\"prev_text\":\"\",\"next_text\":\"\",\"animate\":\"default\",\"lazyload\":\"0\",\"lazyload_p\":\"\",\"geodirectory_rating\":\"0\",\"quick_view\":\"1\",\"quick_view_mode\":\"0\",\"extra_class\":\"\",\"rnd_id\":\"ul53977\",\"s_title_small\":\"1\",\"s_title_limit_small\":\"0\",\"s_title_link_small\":\"1\",\"s_title_link_target_small\":\"0\",\"s_categories_small\":\"1\",\"s_s_categories_small\":\"0\",\"s_s_categories_parent_small\":\"0\",\"ex_items_taxonomies_small\":\"\",\"s_c_categories_small\":\"0\",\"s_ct_categories_small\":\"\",\"s_cb_categories_small\":\"\",\"s_categories_target_small\":\"0\",\"s_metas_o_small\":\"1\",\"s_metas_o_author_small\":\"1\",\"s_metas_o_author_avatar_small\":\"0\",\"s_metas_o_time_small\":\"1\",\"time_format_small\":\"F j, Y\",\"s_metas_o_comment_small\":\"1\",\"s_metas_o_like_small\":\"0\",\"s_metas_o_share_small\":\"0\",\"custom_meta_o_small\":\"\",\"woo_show_price\":\"0\",\"woo_show_rating\":\"0\",\"woo_show_cart\":\"0\",\"qv_s_title\":\"1\",\"qv_s_categories\":\"0\",\"qv_s_s_categories\":\"0\",\"qv_s_s_categories_parent\":\"0\",\"qv_ex_items_taxonomies\":\"\",\"qv_s_c_categories\":\"0\",\"qv_s_ct_categories\":\"\",\"qv_s_cb_categories\":\"\",\"qv_s_categories_target\":\"0\",\"qv_s_metas_o\":\"0\",\"qv_s_metas_o_author\":\"1\",\"qv_s_metas_o_author_avatar\":\"0\",\"qv_s_metas_o_time\":\"1\",\"qv_time_format\":\"F j, Y\",\"qv_s_metas_o_comment\":\"1\",\"qv_s_metas_o_like\":\"1\",\"qv_custom_meta_o\":\"\",\"qv_show_content\":\"0\",\"qv_content_stripsc\":\"0\",\"qv_show_share\":\"0\",\"qv_woo_show_rating\":\"0\",\"qv_s_featured_image\":\"1\",\"goo_ads_client\":\"\",\"goo_ads_id\":\"\",\"goo_ads_offset\":\"1\",\"css_class\":\"\"};<\/script><div id=\"ul53977\" class=\"ultimate-layouts-container ul-filter-gridlist-normal ultimate-layouts-wrapper-control   \"><div class=\"\r\n\t\t\t\t\t\t\t\t\t\t\t\tultimate-layouts-listing-wrap\t\t\t\t\t\t\t\t\t\t\t\t\r\n\t\t\t\t\t\t\t\t\t\t\t\tultimate-layouts-listing-grid-2\r\n\t\t\t\t\t\t\t\t\t\t\t\t\r\n\t\t\t\t\t\t\t\t\t\t\t\tultimate-layouts-effect-icon\t\t\t\t\t\t\t\t\t\t\t\t\r\n\t\t\t\t\t\t\t\t\t\t\t\t ultimate-layouts-col-1 ultimate-layouts-col-pt-1 ultimate-layouts-col-lt-2 ultimate-layouts-col-sm-3 ultimate-layouts-col-md-3 ultimate-layouts-col-lg-3 ultimate-layouts-col-el-3\r\n\t\t\t\t\t\t\t\t\t\t\t\"><!--post item--> \r\n<article class=\"ultimate-layouts-item hentry\">\r\n    <!--entry content-->\r\n    <div class=\"ultimate-layouts-entry-wrapper entry-content\">    \r\n        <!--picture-->\r\n                    <div class=\"ultimate-layouts-picture\">\r\n                <div class=\"ultimate-layouts-picture-wrap ultimate-layouts-get-pic\">                \t                    \r\n                    <a  data-post-id=\"10606\" href=\"https:\/\/filtag.com\/en\/industrial-products\/ptfe-fabrics\/f07-750-h-ptfe-f\/\" title=\"F07-750-H-PTFE\/F\"   class=\"ultimate-layouts-picture-link\"><img decoding=\"async\" class=\"ultimate-layouts-img  \" src=\"https:\/\/filtag.com\/wp-content\/uploads\/2024\/09\/F07-750-H-PTFEF.jpg\" srcset=\"https:\/\/filtag.com\/wp-content\/uploads\/2024\/09\/F07-750-H-PTFEF.jpg 800w, https:\/\/filtag.com\/wp-content\/uploads\/2024\/09\/F07-750-H-PTFEF-400x300.jpg 400w, https:\/\/filtag.com\/wp-content\/uploads\/2024\/09\/F07-750-H-PTFEF-768x576.jpg 768w, https:\/\/filtag.com\/wp-content\/uploads\/2024\/09\/F07-750-H-PTFEF-430x323.jpg 430w, https:\/\/filtag.com\/wp-content\/uploads\/2024\/09\/F07-750-H-PTFEF-700x525.jpg 700w, https:\/\/filtag.com\/wp-content\/uploads\/2024\/09\/F07-750-H-PTFEF-150x113.jpg 150w\" sizes=\"(max-width: 800px) 100vw, 800px\" alt=\"F07-750-H-PTFE:F\"\/><\/a>                                        <div class=\"ultimate-layouts-control-pop \"><span data-type=\"image\" \r\n\t\t\t\t\t\t\t\t\t\tdata-source=\"https:\/\/filtag.com\/wp-content\/uploads\/2024\/09\/F07-750-H-PTFEF.jpg\" \r\n\t\t\t\t\t\t\t\t\t\tdata-caption=\"F07-750-H-PTFE\/F\" \r\n\t\t\t\t\t\t\t\t\t\tclass=\"ultimate-layouts-icon-lightbox ultimate-layouts-control-lightbox-oc\"\r\n\t\t\t\t\t\t\t\t\t  ><span><span><\/span><span><\/span><\/span><\/span><a data-open-post=\"ultimate-layouts-quick-view\" data-post-id=\"10606\" href=\"javascript:;\" title=\"F07-750-H-PTFE\/F\"  class=\"ultimate-layouts-icon-link\"><i class=\"fa fa-link\"><\/i><i class=\"fa fa-chain-broken\"><\/i><\/a><\/div>                    \r\n                <\/div>                \r\n                                            <\/div>\r\n            \r\n        <!--picture-->\r\n        <!--content-->\r\n        <div class=\"ultimate-layouts-content entry\">            \r\n                        \r\n            <h3 class=\"ultimate-layouts-title entry-title  \"><a  data-post-id=\"10606\" href=\"https:\/\/filtag.com\/en\/industrial-products\/ptfe-fabrics\/f07-750-h-ptfe-f\/\" title=\"F07-750-H-PTFE\/F\"   class=\"ultimate-layouts-title-link\">F07-750-H-PTFE\/F<\/a><\/h3>            \r\n               \r\n                     \r\n                         \r\n                    <\/div><!--content-->                \r\n    <\/div><!--entry content-->            \r\n<\/article><!--post item--><!--post item--> \r\n<article class=\"ultimate-layouts-item hentry\">\r\n    <!--entry content-->\r\n    <div class=\"ultimate-layouts-entry-wrapper entry-content\">    \r\n        <!--picture-->\r\n                    <div class=\"ultimate-layouts-picture\">\r\n                <div class=\"ultimate-layouts-picture-wrap ultimate-layouts-get-pic\">                \t                    \r\n                    <a  data-post-id=\"10605\" href=\"https:\/\/filtag.com\/en\/industrial-products\/ptfe-fabrics\/f76-650-g2h-ptfe-f\/\" title=\"F76-650-G2H-PTFE\/F\"   class=\"ultimate-layouts-picture-link\"><img decoding=\"async\" class=\"ultimate-layouts-img  \" src=\"https:\/\/filtag.com\/wp-content\/uploads\/2024\/09\/F76-650-G2H-PTFEF.jpg\" srcset=\"https:\/\/filtag.com\/wp-content\/uploads\/2024\/09\/F76-650-G2H-PTFEF.jpg 800w, https:\/\/filtag.com\/wp-content\/uploads\/2024\/09\/F76-650-G2H-PTFEF-400x300.jpg 400w, https:\/\/filtag.com\/wp-content\/uploads\/2024\/09\/F76-650-G2H-PTFEF-768x576.jpg 768w, https:\/\/filtag.com\/wp-content\/uploads\/2024\/09\/F76-650-G2H-PTFEF-430x323.jpg 430w, https:\/\/filtag.com\/wp-content\/uploads\/2024\/09\/F76-650-G2H-PTFEF-700x525.jpg 700w, https:\/\/filtag.com\/wp-content\/uploads\/2024\/09\/F76-650-G2H-PTFEF-150x113.jpg 150w\" sizes=\"(max-width: 800px) 100vw, 800px\" alt=\"F76-650-G2H-PTFE:F\"\/><\/a>                                        <div class=\"ultimate-layouts-control-pop \"><span data-type=\"image\" \r\n\t\t\t\t\t\t\t\t\t\tdata-source=\"https:\/\/filtag.com\/wp-content\/uploads\/2024\/09\/F76-650-G2H-PTFEF.jpg\" \r\n\t\t\t\t\t\t\t\t\t\tdata-caption=\"F76-650-G2H-PTFE\/F\" \r\n\t\t\t\t\t\t\t\t\t\tclass=\"ultimate-layouts-icon-lightbox ultimate-layouts-control-lightbox-oc\"\r\n\t\t\t\t\t\t\t\t\t  ><span><span><\/span><span><\/span><\/span><\/span><a data-open-post=\"ultimate-layouts-quick-view\" data-post-id=\"10605\" href=\"javascript:;\" title=\"F76-650-G2H-PTFE\/F\"  class=\"ultimate-layouts-icon-link\"><i class=\"fa fa-link\"><\/i><i class=\"fa fa-chain-broken\"><\/i><\/a><\/div>                    \r\n                <\/div>                \r\n                                            <\/div>\r\n            \r\n        <!--picture-->\r\n        <!--content-->\r\n        <div class=\"ultimate-layouts-content entry\">            \r\n                        \r\n            <h3 class=\"ultimate-layouts-title entry-title  \"><a  data-post-id=\"10605\" href=\"https:\/\/filtag.com\/en\/industrial-products\/ptfe-fabrics\/f76-650-g2h-ptfe-f\/\" title=\"F76-650-G2H-PTFE\/F\"   class=\"ultimate-layouts-title-link\">F76-650-G2H-PTFE\/F<\/a><\/h3>            \r\n               \r\n                     \r\n                         \r\n                    <\/div><!--content-->                \r\n    <\/div><!--entry content-->            \r\n<\/article><!--post item--><!--post item--> \r\n<article class=\"ultimate-layouts-item hentry\">\r\n    <!--entry content-->\r\n    <div class=\"ultimate-layouts-entry-wrapper entry-content\">    \r\n        <!--picture-->\r\n                    <div class=\"ultimate-layouts-picture\">\r\n                <div class=\"ultimate-layouts-picture-wrap ultimate-layouts-get-pic\">                \t                    \r\n                    <a  data-post-id=\"10604\" href=\"https:\/\/filtag.com\/en\/industrial-products\/ptfe-fabrics\/f76-830-g2h-gls-f\/\" title=\"F76-830-G2H-GLS\/F\"   class=\"ultimate-layouts-picture-link\"><img decoding=\"async\" class=\"ultimate-layouts-img  \" src=\"https:\/\/filtag.com\/wp-content\/uploads\/2024\/09\/F76-830-G2H-GLSF.jpg\" srcset=\"https:\/\/filtag.com\/wp-content\/uploads\/2024\/09\/F76-830-G2H-GLSF.jpg 800w, https:\/\/filtag.com\/wp-content\/uploads\/2024\/09\/F76-830-G2H-GLSF-400x300.jpg 400w, https:\/\/filtag.com\/wp-content\/uploads\/2024\/09\/F76-830-G2H-GLSF-768x576.jpg 768w, https:\/\/filtag.com\/wp-content\/uploads\/2024\/09\/F76-830-G2H-GLSF-430x323.jpg 430w, https:\/\/filtag.com\/wp-content\/uploads\/2024\/09\/F76-830-G2H-GLSF-700x525.jpg 700w, https:\/\/filtag.com\/wp-content\/uploads\/2024\/09\/F76-830-G2H-GLSF-150x113.jpg 150w\" sizes=\"(max-width: 800px) 100vw, 800px\" alt=\"F76-830-G2H-GLS:F\"\/><\/a>                                        <div class=\"ultimate-layouts-control-pop \"><span data-type=\"image\" \r\n\t\t\t\t\t\t\t\t\t\tdata-source=\"https:\/\/filtag.com\/wp-content\/uploads\/2024\/09\/F76-830-G2H-GLSF.jpg\" \r\n\t\t\t\t\t\t\t\t\t\tdata-caption=\"F76-830-G2H-GLS\/F\" \r\n\t\t\t\t\t\t\t\t\t\tclass=\"ultimate-layouts-icon-lightbox ultimate-layouts-control-lightbox-oc\"\r\n\t\t\t\t\t\t\t\t\t  ><span><span><\/span><span><\/span><\/span><\/span><a data-open-post=\"ultimate-layouts-quick-view\" data-post-id=\"10604\" href=\"javascript:;\" title=\"F76-830-G2H-GLS\/F\"  class=\"ultimate-layouts-icon-link\"><i class=\"fa fa-link\"><\/i><i class=\"fa fa-chain-broken\"><\/i><\/a><\/div>                    \r\n                <\/div>                \r\n                                            <\/div>\r\n            \r\n        <!--picture-->\r\n        <!--content-->\r\n        <div class=\"ultimate-layouts-content entry\">            \r\n                        \r\n            <h3 class=\"ultimate-layouts-title entry-title  \"><a  data-post-id=\"10604\" href=\"https:\/\/filtag.com\/en\/industrial-products\/ptfe-fabrics\/f76-830-g2h-gls-f\/\" title=\"F76-830-G2H-GLS\/F\"   class=\"ultimate-layouts-title-link\">F76-830-G2H-GLS\/F<\/a><\/h3>            \r\n               \r\n                     \r\n                         \r\n                    <\/div><!--content-->                \r\n    <\/div><!--entry content-->            \r\n<\/article><!--post item--><\/div><\/div>[\/vc_column][\/vc_row]<\/p>\n<\/div>","protected":false},"excerpt":{"rendered":"<p>[vc_row][vc_column][\/vc_column][\/vc_row]<\/p>\n","protected":false},"author":1,"featured_media":0,"parent":10562,"menu_order":0,"comment_status":"closed","ping_status":"closed","template":"","meta":{"footnotes":""},"class_list":["post-10501","page","type-page","status-publish","hentry"],"yoast_head":"<!-- This site is optimized with the Yoast SEO plugin v24.2 - https:\/\/yoast.com\/wordpress\/plugins\/seo\/ -->\n<title>PTFE Fabrics - Filtag Filtrasyon<\/title>\n<meta name=\"description\" content=\"PTFE Fabrics\" \/>\n<meta name=\"robots\" content=\"index, follow, max-snippet:-1, max-image-preview:large, max-video-preview:-1\" \/>\n<link rel=\"canonical\" href=\"https:\/\/filtag.com\/en\/industrial-products\/ptfe-fabrics\/\" \/>\n<meta property=\"og:locale\" content=\"en_US\" \/>\n<meta property=\"og:type\" content=\"article\" \/>\n<meta property=\"og:title\" content=\"PTFE Fabrics - Filtag Filtrasyon\" \/>\n<meta property=\"og:description\" content=\"PTFE Fabrics\" \/>\n<meta property=\"og:url\" content=\"https:\/\/filtag.com\/en\/industrial-products\/ptfe-fabrics\/\" \/>\n<meta property=\"og:site_name\" content=\"Filtag Filtrasyon\" \/>\n<meta property=\"article:modified_time\" content=\"2025-01-17T21:43:53+00:00\" \/>\n<meta property=\"og:image\" content=\"https:\/\/filtag.com\/wp-content\/uploads\/2024\/12\/banner_002.jpg\" \/>\n\t<meta property=\"og:image:width\" content=\"1920\" \/>\n\t<meta property=\"og:image:height\" content=\"1080\" \/>\n\t<meta property=\"og:image:type\" content=\"image\/jpeg\" \/>\n<meta name=\"twitter:card\" content=\"summary_large_image\" \/>\n<meta name=\"twitter:label1\" content=\"Est. reading time\" \/>\n\t<meta name=\"twitter:data1\" content=\"1 minute\" \/>\n<script type=\"application\/ld+json\" class=\"yoast-schema-graph\">{\"@context\":\"https:\/\/schema.org\",\"@graph\":[{\"@type\":\"WebPage\",\"@id\":\"https:\/\/filtag.com\/en\/industrial-products\/ptfe-fabrics\/\",\"url\":\"https:\/\/filtag.com\/en\/industrial-products\/ptfe-fabrics\/\",\"name\":\"PTFE Fabrics - Filtag Filtrasyon\",\"isPartOf\":{\"@id\":\"https:\/\/filtag.com\/#website\"},\"datePublished\":\"2024-12-24T15:12:03+00:00\",\"dateModified\":\"2025-01-17T21:43:53+00:00\",\"description\":\"PTFE Fabrics\",\"breadcrumb\":{\"@id\":\"https:\/\/filtag.com\/en\/industrial-products\/ptfe-fabrics\/#breadcrumb\"},\"inLanguage\":\"en-US\",\"potentialAction\":[{\"@type\":\"ReadAction\",\"target\":[\"https:\/\/filtag.com\/en\/industrial-products\/ptfe-fabrics\/\"]}]},{\"@type\":\"BreadcrumbList\",\"@id\":\"https:\/\/filtag.com\/en\/industrial-products\/ptfe-fabrics\/#breadcrumb\",\"itemListElement\":[{\"@type\":\"ListItem\",\"position\":1,\"name\":\"Home\",\"item\":\"https:\/\/filtag.com\/en\/\"},{\"@type\":\"ListItem\",\"position\":2,\"name\":\"Industrial Products\",\"item\":\"https:\/\/filtag.com\/en\/industrial-products\/\"},{\"@type\":\"ListItem\",\"position\":3,\"name\":\"PTFE Fabrics\"}]},{\"@type\":\"WebSite\",\"@id\":\"https:\/\/filtag.com\/#website\",\"url\":\"https:\/\/filtag.com\/\",\"name\":\"Filtag Filtrasyon\",\"description\":\"Do\u011fru Tercih Do\u011fru Filtreleme\",\"publisher\":{\"@id\":\"https:\/\/filtag.com\/#organization\"},\"alternateName\":\"Y\u00fcksek Performansl\u0131 Filtrasyon \u00dcr\u00fcleri\",\"potentialAction\":[{\"@type\":\"SearchAction\",\"target\":{\"@type\":\"EntryPoint\",\"urlTemplate\":\"https:\/\/filtag.com\/?s={search_term_string}\"},\"query-input\":{\"@type\":\"PropertyValueSpecification\",\"valueRequired\":true,\"valueName\":\"search_term_string\"}}],\"inLanguage\":\"en-US\"},{\"@type\":\"Organization\",\"@id\":\"https:\/\/filtag.com\/#organization\",\"name\":\"Filtag Filtrasyon\",\"url\":\"https:\/\/filtag.com\/\",\"logo\":{\"@type\":\"ImageObject\",\"inLanguage\":\"en-US\",\"@id\":\"https:\/\/filtag.com\/#\/schema\/logo\/image\/\",\"url\":\"https:\/\/filtag.com\/wp-content\/uploads\/2024\/04\/Logo-mavi.png\",\"contentUrl\":\"https:\/\/filtag.com\/wp-content\/uploads\/2024\/04\/Logo-mavi.png\",\"width\":650,\"height\":103,\"caption\":\"Filtag Filtrasyon\"},\"image\":{\"@id\":\"https:\/\/filtag.com\/#\/schema\/logo\/image\/\"},\"sameAs\":[\"https:\/\/www.instagram.com\/filtagfiltre\/\"]}]}<\/script>\n<!-- \/ Yoast SEO plugin. -->","yoast_head_json":{"title":"PTFE Fabrics - Filtag Filtrasyon","description":"PTFE Fabrics","robots":{"index":"index","follow":"follow","max-snippet":"max-snippet:-1","max-image-preview":"max-image-preview:large","max-video-preview":"max-video-preview:-1"},"canonical":"https:\/\/filtag.com\/en\/industrial-products\/ptfe-fabrics\/","og_locale":"en_US","og_type":"article","og_title":"PTFE Fabrics - Filtag Filtrasyon","og_description":"PTFE Fabrics","og_url":"https:\/\/filtag.com\/en\/industrial-products\/ptfe-fabrics\/","og_site_name":"Filtag Filtrasyon","article_modified_time":"2025-01-17T21:43:53+00:00","og_image":[{"width":1920,"height":1080,"url":"https:\/\/filtag.com\/wp-content\/uploads\/2024\/12\/banner_002.jpg","type":"image\/jpeg"}],"twitter_card":"summary_large_image","twitter_misc":{"Est. reading time":"1 minute"},"schema":{"@context":"https:\/\/schema.org","@graph":[{"@type":"WebPage","@id":"https:\/\/filtag.com\/en\/industrial-products\/ptfe-fabrics\/","url":"https:\/\/filtag.com\/en\/industrial-products\/ptfe-fabrics\/","name":"PTFE Fabrics - Filtag Filtrasyon","isPartOf":{"@id":"https:\/\/filtag.com\/#website"},"datePublished":"2024-12-24T15:12:03+00:00","dateModified":"2025-01-17T21:43:53+00:00","description":"PTFE Fabrics","breadcrumb":{"@id":"https:\/\/filtag.com\/en\/industrial-products\/ptfe-fabrics\/#breadcrumb"},"inLanguage":"en-US","potentialAction":[{"@type":"ReadAction","target":["https:\/\/filtag.com\/en\/industrial-products\/ptfe-fabrics\/"]}]},{"@type":"BreadcrumbList","@id":"https:\/\/filtag.com\/en\/industrial-products\/ptfe-fabrics\/#breadcrumb","itemListElement":[{"@type":"ListItem","position":1,"name":"Home","item":"https:\/\/filtag.com\/en\/"},{"@type":"ListItem","position":2,"name":"Industrial Products","item":"https:\/\/filtag.com\/en\/industrial-products\/"},{"@type":"ListItem","position":3,"name":"PTFE Fabrics"}]},{"@type":"WebSite","@id":"https:\/\/filtag.com\/#website","url":"https:\/\/filtag.com\/","name":"Filtag Filtrasyon","description":"Do\u011fru Tercih Do\u011fru Filtreleme","publisher":{"@id":"https:\/\/filtag.com\/#organization"},"alternateName":"Y\u00fcksek Performansl\u0131 Filtrasyon \u00dcr\u00fcleri","potentialAction":[{"@type":"SearchAction","target":{"@type":"EntryPoint","urlTemplate":"https:\/\/filtag.com\/?s={search_term_string}"},"query-input":{"@type":"PropertyValueSpecification","valueRequired":true,"valueName":"search_term_string"}}],"inLanguage":"en-US"},{"@type":"Organization","@id":"https:\/\/filtag.com\/#organization","name":"Filtag Filtrasyon","url":"https:\/\/filtag.com\/","logo":{"@type":"ImageObject","inLanguage":"en-US","@id":"https:\/\/filtag.com\/#\/schema\/logo\/image\/","url":"https:\/\/filtag.com\/wp-content\/uploads\/2024\/04\/Logo-mavi.png","contentUrl":"https:\/\/filtag.com\/wp-content\/uploads\/2024\/04\/Logo-mavi.png","width":650,"height":103,"caption":"Filtag Filtrasyon"},"image":{"@id":"https:\/\/filtag.com\/#\/schema\/logo\/image\/"},"sameAs":["https:\/\/www.instagram.com\/filtagfiltre\/"]}]}},"_links":{"self":[{"href":"https:\/\/filtag.com\/en\/wp-json\/wp\/v2\/pages\/10501","targetHints":{"allow":["GET"]}}],"collection":[{"href":"https:\/\/filtag.com\/en\/wp-json\/wp\/v2\/pages"}],"about":[{"href":"https:\/\/filtag.com\/en\/wp-json\/wp\/v2\/types\/page"}],"author":[{"embeddable":true,"href":"https:\/\/filtag.com\/en\/wp-json\/wp\/v2\/users\/1"}],"replies":[{"embeddable":true,"href":"https:\/\/filtag.com\/en\/wp-json\/wp\/v2\/comments?post=10501"}],"version-history":[{"count":1,"href":"https:\/\/filtag.com\/en\/wp-json\/wp\/v2\/pages\/10501\/revisions"}],"predecessor-version":[{"id":10701,"href":"https:\/\/filtag.com\/en\/wp-json\/wp\/v2\/pages\/10501\/revisions\/10701"}],"up":[{"embeddable":true,"href":"https:\/\/filtag.com\/en\/wp-json\/wp\/v2\/pages\/10562"}],"wp:attachment":[{"href":"https:\/\/filtag.com\/en\/wp-json\/wp\/v2\/media?parent=10501"}],"curies":[{"name":"wp","href":"https:\/\/api.w.org\/{rel}","templated":true}]}}